{"id":4710,"date":"2020-06-02T13:56:53","date_gmt":"2020-06-02T12:56:53","guid":{"rendered":"https:\/\/diodos-sa.gr\/?page_id=4710"},"modified":"2020-06-04T13:41:15","modified_gmt":"2020-06-04T12:41:15","slug":"transport","status":"publish","type":"page","link":"https:\/\/diodos-sa.gr\/de\/transport","title":{"rendered":"Transportl\u00f6sungen"},"content":{"rendered":"<div class=\"wpb-content-wrapper\"><p>[vc_row parallax=&#8220;content-moving&#8220; parallax_image=&#8220;4070&#8243; parallax_speed_bg=&#8220;3&#8243; row_space=&#8220;padding-medium&#8220;][vc_column][vc_column_text]<\/p>\n<div class=\"rotate-text\">\n<div class=\"primary-text text-black\">Diodos bedeutet <span id=\"typer\" class=\"typer\" data-typer-targets=\"Wettbewerbsf\u00e4higkeit, Verl\u00e4sslichkeit, Durchg\u00e4ngigkeit, Sicherheit\">Wettbewerbsf\u00e4higkeit<\/span><\/div>\n<div class=\"primary-text text-black\">bei der Zustellung Ihrer Fracht.<\/div>\n<div class=\"second-text text-black\" style=\"padding-top: 20px;\">Vertrauen Sie uns f\u00fcr jeden Transportbedarf innerhalb Griechenlands oder Europas.<br \/>\nHunderte von zufriedenen Diodos-Kunden sind Ihr Grund!<\/div>\n<div class=\"link\"><a class=\"btn-theme\" href=\"\/contact-page\">Kontaktieren Sie uns noch heute<\/a><\/div>\n<\/div>\n<p>[\/vc_column_text][\/vc_column][\/vc_row][vc_row fullwidth=&#8220;0&#8243; css=&#8220;.vc_custom_1580984210398{background-color: #f5f5f5 !important;}&#8220;][vc_column][vc_row_inner][vc_column_inner][gva_block_heading title=&#8220;Fortschrittliche Transportl\u00f6sungen&#8220; desc=&#8220;Unsere Prozesse sind ISO-zertifiziert, um die p\u00fcnktliche, zuverl\u00e4ssige, erschwingliche und sichere Zustellung Ihrer Sendung zu gew\u00e4hrleisten.&#8220;][\/vc_column_inner][vc_column_inner][gva_services_carousel cats=&#8220;b2bservices&#8220; excerpt_words=&#8220;10&#8243; items_lg=&#8220;5&#8243; items_md=&#8220;4&#8243; items_sm=&#8220;2&#8243; items_xs=&#8220;1&#8243; ca_speed=&#8220;1500&#8243;][\/vc_column_inner][\/vc_row_inner][\/vc_column][\/vc_row][vc_row parallax=&#8220;content-moving&#8220; parallax_image=&#8220;3810&#8243; parallax_speed_bg=&#8220;2&#8243;][vc_column][gva_call_to_action title=&#8220;Ihr Tor zu Europa.&#8220; button_align=&#8220;button-center&#8220; link=&#8220;tel:2104223270&#8243; text_link=&#8220;Kostenvoranschlag anfordern&#8220; quick_text=&#8220;+30 210 4223270-2&#8243; width=&#8220;990px&#8220;]Wir sind der Transporter Nr. 1 von Griechenland nach Deutschland, den Niederlanden und Belgien.[\/gva_call_to_action][\/vc_column][\/vc_row][vc_row isfullwidth=&#8220;&#8220; css=&#8220;.vc_custom_1591273930111{background: #f5f5f5 url(https:\/\/diodos-sa.gr\/wp-content\/uploads\/2020\/05\/back3grey.jpg?id=4412) !important;}&#8220;][vc_column][vc_row_inner css=&#8220;.vc_custom_1497925147700{padding-bottom: 20px !important;}&#8220;][vc_column_inner][gva_block_heading title=&#8220;6 Gr\u00fcnde, warum wir&#8220; desc=&#8220;Unser Name, Diodos, ist untrennbar mit Schnelligkeit und Zuverl\u00e4ssigkeit verbunden&#8220;][\/vc_column_inner][\/vc_row_inner][vc_row_inner][vc_column_inner width=&#8220;1\/3&#8243;][gva_icon_box title=&#8220;Unser Netzwerk&#8220; icon=&#8220;gv-icon-759&#8243; description=&#8220;Wir arbeiten nur mit den zuverl\u00e4ssigsten Partnern in ganz Europa zusammen.&#8220; icon_position=&#8220;left&#8220; background_box=&#8220;#fff&#8220; icon_width=&#8220;fa-2x&#8220;][\/vc_column_inner][vc_column_inner width=&#8220;1\/3&#8243;][gva_icon_box title=&#8220;Hochmoderne Flotte&#8220; icon=&#8220;gv-icon-1168&#8243; description=&#8220;Unsere moderne Flotte bedient Sammelgut- und Vollcontainerprojekte mit Schnelligkeit, Genauigkeit und Sicherheit.&#8220; icon_position=&#8220;left&#8220; background_box=&#8220;#fff&#8220; icon_width=&#8220;fa-2x&#8220;][\/vc_column_inner][vc_column_inner width=&#8220;1\/3&#8243;][gva_icon_box title=&#8220;Kundenorientierung&#8220; icon=&#8220;gv-icon-1567&#8243; description=&#8220;Unsere Beziehung zu jedem Kunden ist pers\u00f6nlich und direkt. Jeder Kunde ist in erster Linie ein gesch\u00e4tzter Partner.&#8220; icon_position=&#8220;left&#8220; background_box=&#8220;#fff&#8220; icon_width=&#8220;fa-2x&#8220;][\/vc_column_inner][\/vc_row_inner][vc_row_inner][vc_column_inner width=&#8220;1\/3&#8243;][gva_icon_box title=&#8220;Technologie&#8220; icon=&#8220;gv-icon-644&#8243; description=&#8220;Unser einzigartiger Vorteil liegt in der Nutzung der neuesten Technologien in allen Bereichen von Transport und Logistik.&#8220; icon_position=&#8220;left&#8220; background_box=&#8220;#fff&#8220; icon_width=&#8220;fa-2x&#8220;][\/vc_column_inner][vc_column_inner width=&#8220;1\/3&#8243;][gva_icon_box title=&#8220;Erfahrung&#8220; icon=&#8220;gv-icon-1564&#8243; description=&#8220;Unser Team, ausgestattet mit einer fundierten Erfahrung, mehr als 20 Jahren in der Branche, bietet ma\u00dfgeschneiderte, flexible L\u00f6sungen f\u00fcr Projekte jeder Gr\u00f6\u00dfe und Komplexit\u00e4t.&#8220; icon_position=&#8220;left&#8220; background_box=&#8220;#fff&#8220; icon_width=&#8220;fa-2x&#8220;][\/vc_column_inner][vc_column_inner width=&#8220;1\/3&#8243;][gva_icon_box title=&#8220;Zertifizierung&#8220; icon=&#8220;gv-icon-1240&#8243; description=&#8220;Diodos verf\u00fcgt \u00fcber ein nach ELOT EN ISO 9001: 2008 zertifiziertes Qualit\u00e4tsmanagementsystem, das die Qualit\u00e4t in jedem Prozess vor, w\u00e4hrend und nach der Ausf\u00fchrung unserer Transportarbeiten sicherstellt.&#8220; icon_position=&#8220;left&#8220; background_box=&#8220;#fff&#8220; icon_width=&#8220;fa-2x&#8220;][\/vc_column_inner][\/vc_row_inner][\/vc_column][\/vc_row][vc_row el_id=&#8220;europe&#8220;][vc_column][gva_block_heading title=&#8220;Nr.1 in Europa!&#8220; desc=&#8220;Wir sind die Nr. 1 unter den Transporteuren von Griechenland nach Deutschland, den Niederlanden und Belgien, sowohl im Sendungsvolumen als auch in der Kundenzufriedenheit.&#8220;][gva_services_grid cats=&#8220;europe-transport&#8220; excerpt_words=&#8220;10&#8243; filter=&#8220;&#8220; items_lg=&#8220;3&#8243; items_md=&#8220;3&#8243; items_sm=&#8220;2&#8243; items_xs=&#8220;1&#8243;][\/vc_column][\/vc_row][vc_row css=&#8220;.vc_custom_1580988354886{background-color: #f5f5f5 !important;}&#8220;][vc_column][gva_block_heading title=&#8220;Kundenmeinungen&#8220;][gva_testimonial items_lg=&#8220;2&#8243; items_md=&#8220;2&#8243; items_sm=&#8220;2&#8243; items_xs=&#8220;1&#8243; ca_loop=&#8220;0&#8243; ca_pagination=&#8220;0&#8243;][\/vc_column][\/vc_row][vc_row row_space=&#8220;padding-medium&#8220; custom_background=&#8220;bg-center&#8220; css=&#8220;.vc_custom_1539591668983{background-image: url(https:\/\/diodos-sa.gr\/wp-content\/uploads\/2018\/07\/map.png?id=2956) !important;}&#8220;][vc_column][gva_brands items_lg=&#8220;5&#8243; items_md=&#8220;4&#8243; items_sm=&#8220;3&#8243; items_xs=&#8220;2&#8243; ca_navigation=&#8220;0&#8243; ca_pagination=&#8220;0&#8243;][\/vc_column][\/vc_row]<\/p>\n<\/div>","protected":false},"excerpt":{"rendered":"<p>[vc_row parallax=&#8220;content-moving&#8220; parallax_image=&#8220;4070&#8243; parallax_speed_bg=&#8220;3&#8243; row_space=&#8220;padding-medium&#8220;][vc_column][vc_column_text] Diodos bedeutet Wettbewerbsf\u00e4higkeit bei der Zustellung Ihrer Fracht. Vertrauen Sie uns f\u00fcr jeden Transportbedarf innerhalb Griechenlands oder Europas. Hunderte von zufriedenen Diodos-Kunden sind Ihr Grund! Kontaktieren Sie uns noch heute [\/vc_column_text][\/vc_column][\/vc_row][vc_row fullwidth=&#8220;0&#8243; css=&#8220;.vc_custom_1580984210398{background-color: #f5f5f5 !important;}&#8220;][vc_column][vc_row_inner][vc_column_inner][gva_block_heading title=&#8220;Fortschrittliche Transportl\u00f6sungen&#8220; desc=&#8220;Unsere Prozesse sind ISO-zertifiziert, um die p\u00fcnktliche, zuverl\u00e4ssige, erschwingliche und sichere Zustellung Ihrer [&hellip;]<\/p>\n","protected":false},"author":1,"featured_media":0,"parent":0,"menu_order":0,"comment_status":"closed","ping_status":"closed","template":"","meta":{"footnotes":""},"class_list":["post-4710","page","type-page","status-publish","hentry"],"yoast_head":"<!-- This site is optimized with the Yoast SEO plugin v25.2 - https:\/\/yoast.com\/wordpress\/plugins\/seo\/ -->\n<title>Transportl\u00f6sungen - \u0394\u03af\u03bf\u03b4\u03bf\u03c2 | \u0394\u03b9\u03b5\u03b8\u03bd\u03b5\u03af\u03c2 \u039c\u03b5\u03c4\u03b1\u03c6\u03bf\u03c1\u03ad\u03c2 \u0391\u0395<\/title>\n<meta name=\"robots\" content=\"index, follow, max-snippet:-1, max-image-preview:large, max-video-preview:-1\" \/>\n<link rel=\"canonical\" href=\"https:\/\/diodos-sa.gr\/de\/transport\" \/>\n<meta property=\"og:locale\" content=\"de_DE\" \/>\n<meta property=\"og:type\" content=\"article\" \/>\n<meta property=\"og:title\" content=\"Transportl\u00f6sungen - \u0394\u03af\u03bf\u03b4\u03bf\u03c2 | \u0394\u03b9\u03b5\u03b8\u03bd\u03b5\u03af\u03c2 \u039c\u03b5\u03c4\u03b1\u03c6\u03bf\u03c1\u03ad\u03c2 \u0391\u0395\" \/>\n<meta property=\"og:description\" content=\"[vc_row parallax=&#8220;content-moving&#8220; parallax_image=&#8220;4070&#8243; parallax_speed_bg=&#8220;3&#8243; row_space=&#8220;padding-medium&#8220;][vc_column][vc_column_text] Diodos bedeutet Wettbewerbsf\u00e4higkeit bei der Zustellung Ihrer Fracht. Vertrauen Sie uns f\u00fcr jeden Transportbedarf innerhalb Griechenlands oder Europas. Hunderte von zufriedenen Diodos-Kunden sind Ihr Grund! Kontaktieren Sie uns noch heute [\/vc_column_text][\/vc_column][\/vc_row][vc_row fullwidth=&#8220;0&#8243; css=&#8220;.vc_custom_1580984210398{background-color: #f5f5f5 !important;}&#8220;][vc_column][vc_row_inner][vc_column_inner][gva_block_heading title=&#8220;Fortschrittliche Transportl\u00f6sungen&#8220; desc=&#8220;Unsere Prozesse sind ISO-zertifiziert, um die p\u00fcnktliche, zuverl\u00e4ssige, erschwingliche und sichere Zustellung Ihrer [&hellip;]\" \/>\n<meta property=\"og:url\" content=\"https:\/\/diodos-sa.gr\/de\/transport\" \/>\n<meta property=\"og:site_name\" content=\"\u0394\u03af\u03bf\u03b4\u03bf\u03c2 | \u0394\u03b9\u03b5\u03b8\u03bd\u03b5\u03af\u03c2 \u039c\u03b5\u03c4\u03b1\u03c6\u03bf\u03c1\u03ad\u03c2 \u0391\u0395\" \/>\n<meta property=\"article:modified_time\" content=\"2020-06-04T12:41:15+00:00\" \/>\n<meta name=\"twitter:card\" content=\"summary_large_image\" \/>\n<meta name=\"twitter:label1\" content=\"Gesch\u00e4tzte Lesezeit\" \/>\n\t<meta name=\"twitter:data1\" content=\"3\u00a0Minuten\" \/>\n<script type=\"application\/ld+json\" class=\"yoast-schema-graph\">{\"@context\":\"https:\/\/schema.org\",\"@graph\":[{\"@type\":\"WebPage\",\"@id\":\"https:\/\/diodos-sa.gr\/de\/transport\",\"url\":\"https:\/\/diodos-sa.gr\/de\/transport\",\"name\":\"Transportl\u00f6sungen - \u0394\u03af\u03bf\u03b4\u03bf\u03c2 | \u0394\u03b9\u03b5\u03b8\u03bd\u03b5\u03af\u03c2 \u039c\u03b5\u03c4\u03b1\u03c6\u03bf\u03c1\u03ad\u03c2 \u0391\u0395\",\"isPartOf\":{\"@id\":\"https:\/\/diodos-sa.gr\/de#website\"},\"datePublished\":\"2020-06-02T12:56:53+00:00\",\"dateModified\":\"2020-06-04T12:41:15+00:00\",\"breadcrumb\":{\"@id\":\"https:\/\/diodos-sa.gr\/de\/transport#breadcrumb\"},\"inLanguage\":\"de\",\"potentialAction\":[{\"@type\":\"ReadAction\",\"target\":[\"https:\/\/diodos-sa.gr\/de\/transport\"]}]},{\"@type\":\"BreadcrumbList\",\"@id\":\"https:\/\/diodos-sa.gr\/de\/transport#breadcrumb\",\"itemListElement\":[{\"@type\":\"ListItem\",\"position\":1,\"name\":\"Home\",\"item\":\"https:\/\/diodos-sa.gr\/de\"},{\"@type\":\"ListItem\",\"position\":2,\"name\":\"Transportl\u00f6sungen\"}]},{\"@type\":\"WebSite\",\"@id\":\"https:\/\/diodos-sa.gr\/de#website\",\"url\":\"https:\/\/diodos-sa.gr\/de\",\"name\":\"\u0394\u03af\u03bf\u03b4\u03bf\u03c2 | \u0394\u03b9\u03b5\u03b8\u03bd\u03b5\u03af\u03c2 \u039c\u03b5\u03c4\u03b1\u03c6\u03bf\u03c1\u03ad\u03c2 \u0391\u0395\",\"description\":\"\u0394\u03b9\u03b5\u03b8\u03bd\u03b5\u03af\u03c2 \u039c\u03b5\u03c4\u03b1\u03c6\u03bf\u03c1\u03ad\u03c2\",\"publisher\":{\"@id\":\"https:\/\/diodos-sa.gr\/de#organization\"},\"potentialAction\":[{\"@type\":\"SearchAction\",\"target\":{\"@type\":\"EntryPoint\",\"urlTemplate\":\"https:\/\/diodos-sa.gr\/de?s={search_term_string}\"},\"query-input\":{\"@type\":\"PropertyValueSpecification\",\"valueRequired\":true,\"valueName\":\"search_term_string\"}}],\"inLanguage\":\"de\"},{\"@type\":\"Organization\",\"@id\":\"https:\/\/diodos-sa.gr\/de#organization\",\"name\":\"Diodos International Forwarders S.A.\",\"url\":\"https:\/\/diodos-sa.gr\/de\",\"logo\":{\"@type\":\"ImageObject\",\"inLanguage\":\"de\",\"@id\":\"https:\/\/diodos-sa.gr\/de#\/schema\/logo\/image\/\",\"url\":\"https:\/\/diodos-sa.gr\/wp-content\/uploads\/2015\/12\/logo.png\",\"contentUrl\":\"https:\/\/diodos-sa.gr\/wp-content\/uploads\/2015\/12\/logo.png\",\"width\":360,\"height\":78,\"caption\":\"Diodos International Forwarders S.A.\"},\"image\":{\"@id\":\"https:\/\/diodos-sa.gr\/de#\/schema\/logo\/image\/\"}}]}<\/script>\n<!-- \/ Yoast SEO plugin. -->","yoast_head_json":{"title":"Transportl\u00f6sungen - \u0394\u03af\u03bf\u03b4\u03bf\u03c2 | \u0394\u03b9\u03b5\u03b8\u03bd\u03b5\u03af\u03c2 \u039c\u03b5\u03c4\u03b1\u03c6\u03bf\u03c1\u03ad\u03c2 \u0391\u0395","robots":{"index":"index","follow":"follow","max-snippet":"max-snippet:-1","max-image-preview":"max-image-preview:large","max-video-preview":"max-video-preview:-1"},"canonical":"https:\/\/diodos-sa.gr\/de\/transport","og_locale":"de_DE","og_type":"article","og_title":"Transportl\u00f6sungen - \u0394\u03af\u03bf\u03b4\u03bf\u03c2 | \u0394\u03b9\u03b5\u03b8\u03bd\u03b5\u03af\u03c2 \u039c\u03b5\u03c4\u03b1\u03c6\u03bf\u03c1\u03ad\u03c2 \u0391\u0395","og_description":"[vc_row parallax=&#8220;content-moving&#8220; parallax_image=&#8220;4070&#8243; parallax_speed_bg=&#8220;3&#8243; row_space=&#8220;padding-medium&#8220;][vc_column][vc_column_text] Diodos bedeutet Wettbewerbsf\u00e4higkeit bei der Zustellung Ihrer Fracht. Vertrauen Sie uns f\u00fcr jeden Transportbedarf innerhalb Griechenlands oder Europas. Hunderte von zufriedenen Diodos-Kunden sind Ihr Grund! Kontaktieren Sie uns noch heute [\/vc_column_text][\/vc_column][\/vc_row][vc_row fullwidth=&#8220;0&#8243; css=&#8220;.vc_custom_1580984210398{background-color: #f5f5f5 !important;}&#8220;][vc_column][vc_row_inner][vc_column_inner][gva_block_heading title=&#8220;Fortschrittliche Transportl\u00f6sungen&#8220; desc=&#8220;Unsere Prozesse sind ISO-zertifiziert, um die p\u00fcnktliche, zuverl\u00e4ssige, erschwingliche und sichere Zustellung Ihrer [&hellip;]","og_url":"https:\/\/diodos-sa.gr\/de\/transport","og_site_name":"\u0394\u03af\u03bf\u03b4\u03bf\u03c2 | \u0394\u03b9\u03b5\u03b8\u03bd\u03b5\u03af\u03c2 \u039c\u03b5\u03c4\u03b1\u03c6\u03bf\u03c1\u03ad\u03c2 \u0391\u0395","article_modified_time":"2020-06-04T12:41:15+00:00","twitter_card":"summary_large_image","twitter_misc":{"Gesch\u00e4tzte Lesezeit":"3\u00a0Minuten"},"schema":{"@context":"https:\/\/schema.org","@graph":[{"@type":"WebPage","@id":"https:\/\/diodos-sa.gr\/de\/transport","url":"https:\/\/diodos-sa.gr\/de\/transport","name":"Transportl\u00f6sungen - \u0394\u03af\u03bf\u03b4\u03bf\u03c2 | \u0394\u03b9\u03b5\u03b8\u03bd\u03b5\u03af\u03c2 \u039c\u03b5\u03c4\u03b1\u03c6\u03bf\u03c1\u03ad\u03c2 \u0391\u0395","isPartOf":{"@id":"https:\/\/diodos-sa.gr\/de#website"},"datePublished":"2020-06-02T12:56:53+00:00","dateModified":"2020-06-04T12:41:15+00:00","breadcrumb":{"@id":"https:\/\/diodos-sa.gr\/de\/transport#breadcrumb"},"inLanguage":"de","potentialAction":[{"@type":"ReadAction","target":["https:\/\/diodos-sa.gr\/de\/transport"]}]},{"@type":"BreadcrumbList","@id":"https:\/\/diodos-sa.gr\/de\/transport#breadcrumb","itemListElement":[{"@type":"ListItem","position":1,"name":"Home","item":"https:\/\/diodos-sa.gr\/de"},{"@type":"ListItem","position":2,"name":"Transportl\u00f6sungen"}]},{"@type":"WebSite","@id":"https:\/\/diodos-sa.gr\/de#website","url":"https:\/\/diodos-sa.gr\/de","name":"\u0394\u03af\u03bf\u03b4\u03bf\u03c2 | \u0394\u03b9\u03b5\u03b8\u03bd\u03b5\u03af\u03c2 \u039c\u03b5\u03c4\u03b1\u03c6\u03bf\u03c1\u03ad\u03c2 \u0391\u0395","description":"\u0394\u03b9\u03b5\u03b8\u03bd\u03b5\u03af\u03c2 \u039c\u03b5\u03c4\u03b1\u03c6\u03bf\u03c1\u03ad\u03c2","publisher":{"@id":"https:\/\/diodos-sa.gr\/de#organization"},"potentialAction":[{"@type":"SearchAction","target":{"@type":"EntryPoint","urlTemplate":"https:\/\/diodos-sa.gr\/de?s={search_term_string}"},"query-input":{"@type":"PropertyValueSpecification","valueRequired":true,"valueName":"search_term_string"}}],"inLanguage":"de"},{"@type":"Organization","@id":"https:\/\/diodos-sa.gr\/de#organization","name":"Diodos International Forwarders S.A.","url":"https:\/\/diodos-sa.gr\/de","logo":{"@type":"ImageObject","inLanguage":"de","@id":"https:\/\/diodos-sa.gr\/de#\/schema\/logo\/image\/","url":"https:\/\/diodos-sa.gr\/wp-content\/uploads\/2015\/12\/logo.png","contentUrl":"https:\/\/diodos-sa.gr\/wp-content\/uploads\/2015\/12\/logo.png","width":360,"height":78,"caption":"Diodos International Forwarders S.A."},"image":{"@id":"https:\/\/diodos-sa.gr\/de#\/schema\/logo\/image\/"}}]}},"_links":{"self":[{"href":"https:\/\/diodos-sa.gr\/de\/wp-json\/wp\/v2\/pages\/4710","targetHints":{"allow":["GET"]}}],"collection":[{"href":"https:\/\/diodos-sa.gr\/de\/wp-json\/wp\/v2\/pages"}],"about":[{"href":"https:\/\/diodos-sa.gr\/de\/wp-json\/wp\/v2\/types\/page"}],"author":[{"embeddable":true,"href":"https:\/\/diodos-sa.gr\/de\/wp-json\/wp\/v2\/users\/1"}],"replies":[{"embeddable":true,"href":"https:\/\/diodos-sa.gr\/de\/wp-json\/wp\/v2\/comments?post=4710"}],"version-history":[{"count":5,"href":"https:\/\/diodos-sa.gr\/de\/wp-json\/wp\/v2\/pages\/4710\/revisions"}],"predecessor-version":[{"id":4824,"href":"https:\/\/diodos-sa.gr\/de\/wp-json\/wp\/v2\/pages\/4710\/revisions\/4824"}],"wp:attachment":[{"href":"https:\/\/diodos-sa.gr\/de\/wp-json\/wp\/v2\/media?parent=4710"}],"curies":[{"name":"wp","href":"https:\/\/api.w.org\/{rel}","templated":true}]}}