{"id":4715,"date":"2020-06-02T14:16:37","date_gmt":"2020-06-02T13:16:37","guid":{"rendered":"https:\/\/diodos-sa.gr\/?page_id=4715"},"modified":"2020-06-04T14:44:01","modified_gmt":"2020-06-04T13:44:01","slug":"strassengueterverkehr","status":"publish","type":"page","link":"https:\/\/diodos-sa.gr\/de\/transport\/strassengueterverkehr","title":{"rendered":"Stra\u00dfeng\u00fcterverkehr"},"content":{"rendered":"<div class=\"wpb-content-wrapper\"><p>[vc_row row_space=&#8220;padding-medium&#8220;][vc_column width=&#8220;1\/2&#8243;][vc_column_text]<\/p>\n<h2>\u039dummer 1 in Europa.<\/h2>\n<p>Mit einem breiten Netzwerk aus Repr\u00e4sentanten und Partnern, sowie einem modernen Fuhrpark, liefert DIODOS Sammelgut und komplette Frachttransporte in Griechenland als auch im Ausland schnell, akkurat und sicher.<\/p>\n<p>Wir spezialisieren uns in der Verladung und dem Transport von jeglichem speziellen, sowie mechanischem Equipment und bieten w\u00f6chentlich LKW-Bef\u00f6rderungsservices von und nach Deutschland, Niederlande, Belgien, \u00d6sterreich, Schweiz, Italien, England, Frankreich und in osteurop\u00e4ische L\u00e4nder an.[\/vc_column_text][vc_column_text]<\/p>\n<h3 class=\"title\">Unsere Services beinhalten:<\/h3>\n<ul>\n<li>Sammelgut- und Voll-Frachttransporte<\/li>\n<li>Importe \/ Exporte<\/li>\n<li>Inl\u00e4ndischer Transport<\/li>\n<li>Logistik-Services<\/li>\n<li>Vertrieb<\/li>\n<li>Versicherungen<\/li>\n<li>Zollabfertigungsleistungen<\/li>\n<li>Expressfracht<\/li>\n<li>Gefahreng\u00fcter (ADR)<\/li>\n<li>GPS<\/li>\n<\/ul>\n<p>[\/vc_column_text][\/vc_column][vc_column width=&#8220;1\/2&#8243;][vc_single_image image=&#8220;3798&#8243; img_size=&#8220;819X1200&#8243; onclick=&#8220;link_image&#8220; css_animation=&#8220;fadeIn&#8220;][\/vc_column][\/vc_row]<\/p>\n<\/div>","protected":false},"excerpt":{"rendered":"<p>[vc_row row_space=&#8220;padding-medium&#8220;][vc_column width=&#8220;1\/2&#8243;][vc_column_text] \u039dummer 1 in Europa. Mit einem breiten Netzwerk aus Repr\u00e4sentanten und Partnern, sowie einem modernen Fuhrpark, liefert DIODOS Sammelgut und komplette Frachttransporte in Griechenland als auch im Ausland schnell, akkurat und sicher. Wir spezialisieren uns in der Verladung und dem Transport von jeglichem speziellen, sowie mechanischem Equipment und bieten w\u00f6chentlich LKW-Bef\u00f6rderungsservices von [&hellip;]<\/p>\n","protected":false},"author":1,"featured_media":0,"parent":4710,"menu_order":0,"comment_status":"closed","ping_status":"closed","template":"","meta":{"footnotes":""},"class_list":["post-4715","page","type-page","status-publish","hentry"],"yoast_head":"<!-- This site is optimized with the Yoast SEO plugin v25.2 - https:\/\/yoast.com\/wordpress\/plugins\/seo\/ -->\n<title>Stra\u00dfeng\u00fcterverkehr - \u0394\u03af\u03bf\u03b4\u03bf\u03c2 | \u0394\u03b9\u03b5\u03b8\u03bd\u03b5\u03af\u03c2 \u039c\u03b5\u03c4\u03b1\u03c6\u03bf\u03c1\u03ad\u03c2 \u0391\u0395<\/title>\n<meta name=\"robots\" content=\"index, follow, max-snippet:-1, max-image-preview:large, max-video-preview:-1\" \/>\n<link rel=\"canonical\" href=\"https:\/\/diodos-sa.gr\/de\/transport\/strassengueterverkehr\" \/>\n<meta property=\"og:locale\" content=\"de_DE\" \/>\n<meta property=\"og:type\" content=\"article\" \/>\n<meta property=\"og:title\" content=\"Stra\u00dfeng\u00fcterverkehr - \u0394\u03af\u03bf\u03b4\u03bf\u03c2 | \u0394\u03b9\u03b5\u03b8\u03bd\u03b5\u03af\u03c2 \u039c\u03b5\u03c4\u03b1\u03c6\u03bf\u03c1\u03ad\u03c2 \u0391\u0395\" \/>\n<meta property=\"og:description\" content=\"[vc_row row_space=&#8220;padding-medium&#8220;][vc_column width=&#8220;1\/2&#8243;][vc_column_text] \u039dummer 1 in Europa. Mit einem breiten Netzwerk aus Repr\u00e4sentanten und Partnern, sowie einem modernen Fuhrpark, liefert DIODOS Sammelgut und komplette Frachttransporte in Griechenland als auch im Ausland schnell, akkurat und sicher. Wir spezialisieren uns in der Verladung und dem Transport von jeglichem speziellen, sowie mechanischem Equipment und bieten w\u00f6chentlich LKW-Bef\u00f6rderungsservices von [&hellip;]\" \/>\n<meta property=\"og:url\" content=\"https:\/\/diodos-sa.gr\/de\/transport\/strassengueterverkehr\" \/>\n<meta property=\"og:site_name\" content=\"\u0394\u03af\u03bf\u03b4\u03bf\u03c2 | \u0394\u03b9\u03b5\u03b8\u03bd\u03b5\u03af\u03c2 \u039c\u03b5\u03c4\u03b1\u03c6\u03bf\u03c1\u03ad\u03c2 \u0391\u0395\" \/>\n<meta property=\"article:modified_time\" content=\"2020-06-04T13:44:01+00:00\" \/>\n<meta name=\"twitter:card\" content=\"summary_large_image\" \/>\n<meta name=\"twitter:label1\" content=\"Gesch\u00e4tzte Lesezeit\" \/>\n\t<meta name=\"twitter:data1\" content=\"1\u00a0Minute\" \/>\n<script type=\"application\/ld+json\" class=\"yoast-schema-graph\">{\"@context\":\"https:\/\/schema.org\",\"@graph\":[{\"@type\":\"WebPage\",\"@id\":\"https:\/\/diodos-sa.gr\/de\/transport\/strassengueterverkehr\",\"url\":\"https:\/\/diodos-sa.gr\/de\/transport\/strassengueterverkehr\",\"name\":\"Stra\u00dfeng\u00fcterverkehr - \u0394\u03af\u03bf\u03b4\u03bf\u03c2 | \u0394\u03b9\u03b5\u03b8\u03bd\u03b5\u03af\u03c2 \u039c\u03b5\u03c4\u03b1\u03c6\u03bf\u03c1\u03ad\u03c2 \u0391\u0395\",\"isPartOf\":{\"@id\":\"https:\/\/diodos-sa.gr\/de#website\"},\"datePublished\":\"2020-06-02T13:16:37+00:00\",\"dateModified\":\"2020-06-04T13:44:01+00:00\",\"breadcrumb\":{\"@id\":\"https:\/\/diodos-sa.gr\/de\/transport\/strassengueterverkehr#breadcrumb\"},\"inLanguage\":\"de\",\"potentialAction\":[{\"@type\":\"ReadAction\",\"target\":[\"https:\/\/diodos-sa.gr\/de\/transport\/strassengueterverkehr\"]}]},{\"@type\":\"BreadcrumbList\",\"@id\":\"https:\/\/diodos-sa.gr\/de\/transport\/strassengueterverkehr#breadcrumb\",\"itemListElement\":[{\"@type\":\"ListItem\",\"position\":1,\"name\":\"Home\",\"item\":\"https:\/\/diodos-sa.gr\/de\"},{\"@type\":\"ListItem\",\"position\":2,\"name\":\"Transportl\u00f6sungen\",\"item\":\"https:\/\/diodos-sa.gr\/de\/transport\"},{\"@type\":\"ListItem\",\"position\":3,\"name\":\"Stra\u00dfeng\u00fcterverkehr\"}]},{\"@type\":\"WebSite\",\"@id\":\"https:\/\/diodos-sa.gr\/de#website\",\"url\":\"https:\/\/diodos-sa.gr\/de\",\"name\":\"\u0394\u03af\u03bf\u03b4\u03bf\u03c2 | \u0394\u03b9\u03b5\u03b8\u03bd\u03b5\u03af\u03c2 \u039c\u03b5\u03c4\u03b1\u03c6\u03bf\u03c1\u03ad\u03c2 \u0391\u0395\",\"description\":\"\u0394\u03b9\u03b5\u03b8\u03bd\u03b5\u03af\u03c2 \u039c\u03b5\u03c4\u03b1\u03c6\u03bf\u03c1\u03ad\u03c2\",\"publisher\":{\"@id\":\"https:\/\/diodos-sa.gr\/de#organization\"},\"potentialAction\":[{\"@type\":\"SearchAction\",\"target\":{\"@type\":\"EntryPoint\",\"urlTemplate\":\"https:\/\/diodos-sa.gr\/de?s={search_term_string}\"},\"query-input\":{\"@type\":\"PropertyValueSpecification\",\"valueRequired\":true,\"valueName\":\"search_term_string\"}}],\"inLanguage\":\"de\"},{\"@type\":\"Organization\",\"@id\":\"https:\/\/diodos-sa.gr\/de#organization\",\"name\":\"Diodos International Forwarders S.A.\",\"url\":\"https:\/\/diodos-sa.gr\/de\",\"logo\":{\"@type\":\"ImageObject\",\"inLanguage\":\"de\",\"@id\":\"https:\/\/diodos-sa.gr\/de#\/schema\/logo\/image\/\",\"url\":\"https:\/\/diodos-sa.gr\/wp-content\/uploads\/2015\/12\/logo.png\",\"contentUrl\":\"https:\/\/diodos-sa.gr\/wp-content\/uploads\/2015\/12\/logo.png\",\"width\":360,\"height\":78,\"caption\":\"Diodos International Forwarders S.A.\"},\"image\":{\"@id\":\"https:\/\/diodos-sa.gr\/de#\/schema\/logo\/image\/\"}}]}<\/script>\n<!-- \/ Yoast SEO plugin. -->","yoast_head_json":{"title":"Stra\u00dfeng\u00fcterverkehr - \u0394\u03af\u03bf\u03b4\u03bf\u03c2 | \u0394\u03b9\u03b5\u03b8\u03bd\u03b5\u03af\u03c2 \u039c\u03b5\u03c4\u03b1\u03c6\u03bf\u03c1\u03ad\u03c2 \u0391\u0395","robots":{"index":"index","follow":"follow","max-snippet":"max-snippet:-1","max-image-preview":"max-image-preview:large","max-video-preview":"max-video-preview:-1"},"canonical":"https:\/\/diodos-sa.gr\/de\/transport\/strassengueterverkehr","og_locale":"de_DE","og_type":"article","og_title":"Stra\u00dfeng\u00fcterverkehr - \u0394\u03af\u03bf\u03b4\u03bf\u03c2 | \u0394\u03b9\u03b5\u03b8\u03bd\u03b5\u03af\u03c2 \u039c\u03b5\u03c4\u03b1\u03c6\u03bf\u03c1\u03ad\u03c2 \u0391\u0395","og_description":"[vc_row row_space=&#8220;padding-medium&#8220;][vc_column width=&#8220;1\/2&#8243;][vc_column_text] \u039dummer 1 in Europa. Mit einem breiten Netzwerk aus Repr\u00e4sentanten und Partnern, sowie einem modernen Fuhrpark, liefert DIODOS Sammelgut und komplette Frachttransporte in Griechenland als auch im Ausland schnell, akkurat und sicher. Wir spezialisieren uns in der Verladung und dem Transport von jeglichem speziellen, sowie mechanischem Equipment und bieten w\u00f6chentlich LKW-Bef\u00f6rderungsservices von [&hellip;]","og_url":"https:\/\/diodos-sa.gr\/de\/transport\/strassengueterverkehr","og_site_name":"\u0394\u03af\u03bf\u03b4\u03bf\u03c2 | \u0394\u03b9\u03b5\u03b8\u03bd\u03b5\u03af\u03c2 \u039c\u03b5\u03c4\u03b1\u03c6\u03bf\u03c1\u03ad\u03c2 \u0391\u0395","article_modified_time":"2020-06-04T13:44:01+00:00","twitter_card":"summary_large_image","twitter_misc":{"Gesch\u00e4tzte Lesezeit":"1\u00a0Minute"},"schema":{"@context":"https:\/\/schema.org","@graph":[{"@type":"WebPage","@id":"https:\/\/diodos-sa.gr\/de\/transport\/strassengueterverkehr","url":"https:\/\/diodos-sa.gr\/de\/transport\/strassengueterverkehr","name":"Stra\u00dfeng\u00fcterverkehr - \u0394\u03af\u03bf\u03b4\u03bf\u03c2 | \u0394\u03b9\u03b5\u03b8\u03bd\u03b5\u03af\u03c2 \u039c\u03b5\u03c4\u03b1\u03c6\u03bf\u03c1\u03ad\u03c2 \u0391\u0395","isPartOf":{"@id":"https:\/\/diodos-sa.gr\/de#website"},"datePublished":"2020-06-02T13:16:37+00:00","dateModified":"2020-06-04T13:44:01+00:00","breadcrumb":{"@id":"https:\/\/diodos-sa.gr\/de\/transport\/strassengueterverkehr#breadcrumb"},"inLanguage":"de","potentialAction":[{"@type":"ReadAction","target":["https:\/\/diodos-sa.gr\/de\/transport\/strassengueterverkehr"]}]},{"@type":"BreadcrumbList","@id":"https:\/\/diodos-sa.gr\/de\/transport\/strassengueterverkehr#breadcrumb","itemListElement":[{"@type":"ListItem","position":1,"name":"Home","item":"https:\/\/diodos-sa.gr\/de"},{"@type":"ListItem","position":2,"name":"Transportl\u00f6sungen","item":"https:\/\/diodos-sa.gr\/de\/transport"},{"@type":"ListItem","position":3,"name":"Stra\u00dfeng\u00fcterverkehr"}]},{"@type":"WebSite","@id":"https:\/\/diodos-sa.gr\/de#website","url":"https:\/\/diodos-sa.gr\/de","name":"\u0394\u03af\u03bf\u03b4\u03bf\u03c2 | \u0394\u03b9\u03b5\u03b8\u03bd\u03b5\u03af\u03c2 \u039c\u03b5\u03c4\u03b1\u03c6\u03bf\u03c1\u03ad\u03c2 \u0391\u0395","description":"\u0394\u03b9\u03b5\u03b8\u03bd\u03b5\u03af\u03c2 \u039c\u03b5\u03c4\u03b1\u03c6\u03bf\u03c1\u03ad\u03c2","publisher":{"@id":"https:\/\/diodos-sa.gr\/de#organization"},"potentialAction":[{"@type":"SearchAction","target":{"@type":"EntryPoint","urlTemplate":"https:\/\/diodos-sa.gr\/de?s={search_term_string}"},"query-input":{"@type":"PropertyValueSpecification","valueRequired":true,"valueName":"search_term_string"}}],"inLanguage":"de"},{"@type":"Organization","@id":"https:\/\/diodos-sa.gr\/de#organization","name":"Diodos International Forwarders S.A.","url":"https:\/\/diodos-sa.gr\/de","logo":{"@type":"ImageObject","inLanguage":"de","@id":"https:\/\/diodos-sa.gr\/de#\/schema\/logo\/image\/","url":"https:\/\/diodos-sa.gr\/wp-content\/uploads\/2015\/12\/logo.png","contentUrl":"https:\/\/diodos-sa.gr\/wp-content\/uploads\/2015\/12\/logo.png","width":360,"height":78,"caption":"Diodos International Forwarders S.A."},"image":{"@id":"https:\/\/diodos-sa.gr\/de#\/schema\/logo\/image\/"}}]}},"_links":{"self":[{"href":"https:\/\/diodos-sa.gr\/de\/wp-json\/wp\/v2\/pages\/4715","targetHints":{"allow":["GET"]}}],"collection":[{"href":"https:\/\/diodos-sa.gr\/de\/wp-json\/wp\/v2\/pages"}],"about":[{"href":"https:\/\/diodos-sa.gr\/de\/wp-json\/wp\/v2\/types\/page"}],"author":[{"embeddable":true,"href":"https:\/\/diodos-sa.gr\/de\/wp-json\/wp\/v2\/users\/1"}],"replies":[{"embeddable":true,"href":"https:\/\/diodos-sa.gr\/de\/wp-json\/wp\/v2\/comments?post=4715"}],"version-history":[{"count":2,"href":"https:\/\/diodos-sa.gr\/de\/wp-json\/wp\/v2\/pages\/4715\/revisions"}],"predecessor-version":[{"id":4717,"href":"https:\/\/diodos-sa.gr\/de\/wp-json\/wp\/v2\/pages\/4715\/revisions\/4717"}],"up":[{"embeddable":true,"href":"https:\/\/diodos-sa.gr\/de\/wp-json\/wp\/v2\/pages\/4710"}],"wp:attachment":[{"href":"https:\/\/diodos-sa.gr\/de\/wp-json\/wp\/v2\/media?parent=4715"}],"curies":[{"name":"wp","href":"https:\/\/api.w.org\/{rel}","templated":true}]}}