{"id":4719,"date":"2020-06-02T14:39:28","date_gmt":"2020-06-02T13:39:28","guid":{"rendered":"https:\/\/diodos-sa.gr\/?page_id=4719"},"modified":"2020-06-04T14:44:26","modified_gmt":"2020-06-04T13:44:26","slug":"seefrachttransporte","status":"publish","type":"page","link":"https:\/\/diodos-sa.gr\/de\/transport\/seefrachttransporte","title":{"rendered":"Seefrachttransporte"},"content":{"rendered":"<div class=\"wpb-content-wrapper\"><p>[vc_row row_space=&#8220;remove_margin remove_padding remove_padding_col&#8220; css=&#8220;.vc_custom_1589375974408{padding-top: 60px !important;padding-bottom: 10px !important;}&#8220;][vc_column][vc_column_text]<\/p>\n<h2>Diodos SA bietet seit 2013 Seefrachttransporte an.<\/h2>\n<p>In Partnerschaft mit f\u00fchrenden Schifffahrtsgesellschaften wickeln wir alle Arten des Transports ab, die von einfachen Sammelgutladungen bis zu multiplen Containern reichen.[\/vc_column_text][\/vc_column][\/vc_row][vc_row row_space=&#8220;remove_padding_top&#8220;][vc_column width=&#8220;1\/2&#8243;][vc_column_text]<\/p>\n<h3>SAMMELGUT \/ KONSOLIDIERUNGEN<\/h3>\n<p>Wir k\u00f6nnen wichtige Ersparnisse f\u00fcr unsere Kunden durch Kostenreduktionen f\u00fcr importierte Frachten aufgrund unserer integrierten Sammelgut-L\u00f6sungen anbieten.<\/p>\n<p>Durch die Konsolidierung von Frachten verschiedener Lieferanten und der Integration derer Verpackung, Transport und Importprozesse, k\u00f6nnen unsere Kunden betr\u00e4chtliche Ersparnisse erzielen. Hinzu kommt die M\u00f6glichkeit einer einfachen Verfolgung der Ware, die durch den Kontakt zu einem pers\u00f6nlichen Ansprechpartner f\u00fcr alle Ladungen erfolgt.<\/p>\n<h3>CONTAINER-VOLLLADUNG<\/h3>\n<p>Die Containerfracht, als vorherrschende Bedeutung f\u00fcr den Transport rund um den Globus, ist eine unserer Basis-Dienstleistungen. Unsere kundenzentrierte Philosophie und umfangreiche Erfahrung machen uns zu einer offensichtlichen Wahl f\u00fcr Kunden, die nach Direktheit, Best\u00e4ndigkeit und Sicherheit im internationalen Frachtverkehr suchen.<\/p>\n<p>Unsere Container-Vollladungsleistungen umfassen:<\/p>\n<ul>\n<li>Haus-zu-Haus-Transport und Frachtlieferung<\/li>\n<li>Zeitliche Frachtlagerung in unseren technologisch fortgeschrittenen Logistikanlagen<\/li>\n<li>Vollversicherungsservices<\/li>\n<li>Konsistente Planung der k\u00fcrzesten und zuverl\u00e4ssigsten Routen<\/li>\n<li>Integrierte Fakturierung sowie Pack- und Laufzettel\u00a0 (beinhalten Zertifikate der Handelskammer, etc)<\/li>\n<li>Ver- und Entpackung der G\u00fcter (End-To-End)<\/li>\n<\/ul>\n<p>[\/vc_column_text][\/vc_column][vc_column width=&#8220;1\/2&#8243;][vc_single_image image=&#8220;4502&#8243; img_size=&#8220;large&#8220;][vc_column_text]<\/p>\n<h3>Verzollung &amp; Zollabfertigung<\/h3>\n<p>Unsere Kunden genie\u00dfen ein komplettes Angebot an Administration, Zollformalit\u00e4ten, der Zollabfertigung und anderer Prozeduren w\u00e4hrend des Imports und Exports. Unser Prozess garantiert ein zuverl\u00e4ssiges und sorgenloses End-To-End Transporterlebnis.[\/vc_column_text][\/vc_column][\/vc_row]<\/p>\n<\/div>","protected":false},"excerpt":{"rendered":"<p>[vc_row row_space=&#8220;remove_margin remove_padding remove_padding_col&#8220; css=&#8220;.vc_custom_1589375974408{padding-top: 60px !important;padding-bottom: 10px !important;}&#8220;][vc_column][vc_column_text] Diodos SA bietet seit 2013 Seefrachttransporte an. In Partnerschaft mit f\u00fchrenden Schifffahrtsgesellschaften wickeln wir alle Arten des Transports ab, die von einfachen Sammelgutladungen bis zu multiplen Containern reichen.[\/vc_column_text][\/vc_column][\/vc_row][vc_row row_space=&#8220;remove_padding_top&#8220;][vc_column width=&#8220;1\/2&#8243;][vc_column_text] SAMMELGUT \/ KONSOLIDIERUNGEN Wir k\u00f6nnen wichtige Ersparnisse f\u00fcr unsere Kunden durch Kostenreduktionen f\u00fcr importierte Frachten aufgrund [&hellip;]<\/p>\n","protected":false},"author":1,"featured_media":0,"parent":4710,"menu_order":0,"comment_status":"closed","ping_status":"closed","template":"","meta":{"footnotes":""},"class_list":["post-4719","page","type-page","status-publish","hentry"],"yoast_head":"<!-- This site is optimized with the Yoast SEO plugin v25.2 - https:\/\/yoast.com\/wordpress\/plugins\/seo\/ -->\n<title>Seefrachttransporte - \u0394\u03af\u03bf\u03b4\u03bf\u03c2 | \u0394\u03b9\u03b5\u03b8\u03bd\u03b5\u03af\u03c2 \u039c\u03b5\u03c4\u03b1\u03c6\u03bf\u03c1\u03ad\u03c2 \u0391\u0395<\/title>\n<meta name=\"robots\" content=\"index, follow, max-snippet:-1, max-image-preview:large, max-video-preview:-1\" \/>\n<link rel=\"canonical\" href=\"https:\/\/diodos-sa.gr\/de\/transport\/seefrachttransporte\" \/>\n<meta property=\"og:locale\" content=\"de_DE\" \/>\n<meta property=\"og:type\" content=\"article\" \/>\n<meta property=\"og:title\" content=\"Seefrachttransporte - \u0394\u03af\u03bf\u03b4\u03bf\u03c2 | \u0394\u03b9\u03b5\u03b8\u03bd\u03b5\u03af\u03c2 \u039c\u03b5\u03c4\u03b1\u03c6\u03bf\u03c1\u03ad\u03c2 \u0391\u0395\" \/>\n<meta property=\"og:description\" content=\"[vc_row row_space=&#8220;remove_margin remove_padding remove_padding_col&#8220; css=&#8220;.vc_custom_1589375974408{padding-top: 60px !important;padding-bottom: 10px !important;}&#8220;][vc_column][vc_column_text] Diodos SA bietet seit 2013 Seefrachttransporte an. In Partnerschaft mit f\u00fchrenden Schifffahrtsgesellschaften wickeln wir alle Arten des Transports ab, die von einfachen Sammelgutladungen bis zu multiplen Containern reichen.[\/vc_column_text][\/vc_column][\/vc_row][vc_row row_space=&#8220;remove_padding_top&#8220;][vc_column width=&#8220;1\/2&#8243;][vc_column_text] SAMMELGUT \/ KONSOLIDIERUNGEN Wir k\u00f6nnen wichtige Ersparnisse f\u00fcr unsere Kunden durch Kostenreduktionen f\u00fcr importierte Frachten aufgrund [&hellip;]\" \/>\n<meta property=\"og:url\" content=\"https:\/\/diodos-sa.gr\/de\/transport\/seefrachttransporte\" \/>\n<meta property=\"og:site_name\" content=\"\u0394\u03af\u03bf\u03b4\u03bf\u03c2 | \u0394\u03b9\u03b5\u03b8\u03bd\u03b5\u03af\u03c2 \u039c\u03b5\u03c4\u03b1\u03c6\u03bf\u03c1\u03ad\u03c2 \u0391\u0395\" \/>\n<meta property=\"article:modified_time\" content=\"2020-06-04T13:44:26+00:00\" \/>\n<meta name=\"twitter:card\" content=\"summary_large_image\" \/>\n<meta name=\"twitter:label1\" content=\"Gesch\u00e4tzte Lesezeit\" \/>\n\t<meta name=\"twitter:data1\" content=\"1\u00a0Minute\" \/>\n<script type=\"application\/ld+json\" class=\"yoast-schema-graph\">{\"@context\":\"https:\/\/schema.org\",\"@graph\":[{\"@type\":\"WebPage\",\"@id\":\"https:\/\/diodos-sa.gr\/de\/transport\/seefrachttransporte\",\"url\":\"https:\/\/diodos-sa.gr\/de\/transport\/seefrachttransporte\",\"name\":\"Seefrachttransporte - \u0394\u03af\u03bf\u03b4\u03bf\u03c2 | \u0394\u03b9\u03b5\u03b8\u03bd\u03b5\u03af\u03c2 \u039c\u03b5\u03c4\u03b1\u03c6\u03bf\u03c1\u03ad\u03c2 \u0391\u0395\",\"isPartOf\":{\"@id\":\"https:\/\/diodos-sa.gr\/de#website\"},\"datePublished\":\"2020-06-02T13:39:28+00:00\",\"dateModified\":\"2020-06-04T13:44:26+00:00\",\"breadcrumb\":{\"@id\":\"https:\/\/diodos-sa.gr\/de\/transport\/seefrachttransporte#breadcrumb\"},\"inLanguage\":\"de\",\"potentialAction\":[{\"@type\":\"ReadAction\",\"target\":[\"https:\/\/diodos-sa.gr\/de\/transport\/seefrachttransporte\"]}]},{\"@type\":\"BreadcrumbList\",\"@id\":\"https:\/\/diodos-sa.gr\/de\/transport\/seefrachttransporte#breadcrumb\",\"itemListElement\":[{\"@type\":\"ListItem\",\"position\":1,\"name\":\"Home\",\"item\":\"https:\/\/diodos-sa.gr\/de\"},{\"@type\":\"ListItem\",\"position\":2,\"name\":\"Transportl\u00f6sungen\",\"item\":\"https:\/\/diodos-sa.gr\/de\/transport\"},{\"@type\":\"ListItem\",\"position\":3,\"name\":\"Seefrachttransporte\"}]},{\"@type\":\"WebSite\",\"@id\":\"https:\/\/diodos-sa.gr\/de#website\",\"url\":\"https:\/\/diodos-sa.gr\/de\",\"name\":\"\u0394\u03af\u03bf\u03b4\u03bf\u03c2 | \u0394\u03b9\u03b5\u03b8\u03bd\u03b5\u03af\u03c2 \u039c\u03b5\u03c4\u03b1\u03c6\u03bf\u03c1\u03ad\u03c2 \u0391\u0395\",\"description\":\"\u0394\u03b9\u03b5\u03b8\u03bd\u03b5\u03af\u03c2 \u039c\u03b5\u03c4\u03b1\u03c6\u03bf\u03c1\u03ad\u03c2\",\"publisher\":{\"@id\":\"https:\/\/diodos-sa.gr\/de#organization\"},\"potentialAction\":[{\"@type\":\"SearchAction\",\"target\":{\"@type\":\"EntryPoint\",\"urlTemplate\":\"https:\/\/diodos-sa.gr\/de?s={search_term_string}\"},\"query-input\":{\"@type\":\"PropertyValueSpecification\",\"valueRequired\":true,\"valueName\":\"search_term_string\"}}],\"inLanguage\":\"de\"},{\"@type\":\"Organization\",\"@id\":\"https:\/\/diodos-sa.gr\/de#organization\",\"name\":\"Diodos International Forwarders S.A.\",\"url\":\"https:\/\/diodos-sa.gr\/de\",\"logo\":{\"@type\":\"ImageObject\",\"inLanguage\":\"de\",\"@id\":\"https:\/\/diodos-sa.gr\/de#\/schema\/logo\/image\/\",\"url\":\"https:\/\/diodos-sa.gr\/wp-content\/uploads\/2015\/12\/logo.png\",\"contentUrl\":\"https:\/\/diodos-sa.gr\/wp-content\/uploads\/2015\/12\/logo.png\",\"width\":360,\"height\":78,\"caption\":\"Diodos International Forwarders S.A.\"},\"image\":{\"@id\":\"https:\/\/diodos-sa.gr\/de#\/schema\/logo\/image\/\"}}]}<\/script>\n<!-- \/ Yoast SEO plugin. -->","yoast_head_json":{"title":"Seefrachttransporte - \u0394\u03af\u03bf\u03b4\u03bf\u03c2 | \u0394\u03b9\u03b5\u03b8\u03bd\u03b5\u03af\u03c2 \u039c\u03b5\u03c4\u03b1\u03c6\u03bf\u03c1\u03ad\u03c2 \u0391\u0395","robots":{"index":"index","follow":"follow","max-snippet":"max-snippet:-1","max-image-preview":"max-image-preview:large","max-video-preview":"max-video-preview:-1"},"canonical":"https:\/\/diodos-sa.gr\/de\/transport\/seefrachttransporte","og_locale":"de_DE","og_type":"article","og_title":"Seefrachttransporte - \u0394\u03af\u03bf\u03b4\u03bf\u03c2 | \u0394\u03b9\u03b5\u03b8\u03bd\u03b5\u03af\u03c2 \u039c\u03b5\u03c4\u03b1\u03c6\u03bf\u03c1\u03ad\u03c2 \u0391\u0395","og_description":"[vc_row row_space=&#8220;remove_margin remove_padding remove_padding_col&#8220; css=&#8220;.vc_custom_1589375974408{padding-top: 60px !important;padding-bottom: 10px !important;}&#8220;][vc_column][vc_column_text] Diodos SA bietet seit 2013 Seefrachttransporte an. In Partnerschaft mit f\u00fchrenden Schifffahrtsgesellschaften wickeln wir alle Arten des Transports ab, die von einfachen Sammelgutladungen bis zu multiplen Containern reichen.[\/vc_column_text][\/vc_column][\/vc_row][vc_row row_space=&#8220;remove_padding_top&#8220;][vc_column width=&#8220;1\/2&#8243;][vc_column_text] SAMMELGUT \/ KONSOLIDIERUNGEN Wir k\u00f6nnen wichtige Ersparnisse f\u00fcr unsere Kunden durch Kostenreduktionen f\u00fcr importierte Frachten aufgrund [&hellip;]","og_url":"https:\/\/diodos-sa.gr\/de\/transport\/seefrachttransporte","og_site_name":"\u0394\u03af\u03bf\u03b4\u03bf\u03c2 | \u0394\u03b9\u03b5\u03b8\u03bd\u03b5\u03af\u03c2 \u039c\u03b5\u03c4\u03b1\u03c6\u03bf\u03c1\u03ad\u03c2 \u0391\u0395","article_modified_time":"2020-06-04T13:44:26+00:00","twitter_card":"summary_large_image","twitter_misc":{"Gesch\u00e4tzte Lesezeit":"1\u00a0Minute"},"schema":{"@context":"https:\/\/schema.org","@graph":[{"@type":"WebPage","@id":"https:\/\/diodos-sa.gr\/de\/transport\/seefrachttransporte","url":"https:\/\/diodos-sa.gr\/de\/transport\/seefrachttransporte","name":"Seefrachttransporte - \u0394\u03af\u03bf\u03b4\u03bf\u03c2 | \u0394\u03b9\u03b5\u03b8\u03bd\u03b5\u03af\u03c2 \u039c\u03b5\u03c4\u03b1\u03c6\u03bf\u03c1\u03ad\u03c2 \u0391\u0395","isPartOf":{"@id":"https:\/\/diodos-sa.gr\/de#website"},"datePublished":"2020-06-02T13:39:28+00:00","dateModified":"2020-06-04T13:44:26+00:00","breadcrumb":{"@id":"https:\/\/diodos-sa.gr\/de\/transport\/seefrachttransporte#breadcrumb"},"inLanguage":"de","potentialAction":[{"@type":"ReadAction","target":["https:\/\/diodos-sa.gr\/de\/transport\/seefrachttransporte"]}]},{"@type":"BreadcrumbList","@id":"https:\/\/diodos-sa.gr\/de\/transport\/seefrachttransporte#breadcrumb","itemListElement":[{"@type":"ListItem","position":1,"name":"Home","item":"https:\/\/diodos-sa.gr\/de"},{"@type":"ListItem","position":2,"name":"Transportl\u00f6sungen","item":"https:\/\/diodos-sa.gr\/de\/transport"},{"@type":"ListItem","position":3,"name":"Seefrachttransporte"}]},{"@type":"WebSite","@id":"https:\/\/diodos-sa.gr\/de#website","url":"https:\/\/diodos-sa.gr\/de","name":"\u0394\u03af\u03bf\u03b4\u03bf\u03c2 | \u0394\u03b9\u03b5\u03b8\u03bd\u03b5\u03af\u03c2 \u039c\u03b5\u03c4\u03b1\u03c6\u03bf\u03c1\u03ad\u03c2 \u0391\u0395","description":"\u0394\u03b9\u03b5\u03b8\u03bd\u03b5\u03af\u03c2 \u039c\u03b5\u03c4\u03b1\u03c6\u03bf\u03c1\u03ad\u03c2","publisher":{"@id":"https:\/\/diodos-sa.gr\/de#organization"},"potentialAction":[{"@type":"SearchAction","target":{"@type":"EntryPoint","urlTemplate":"https:\/\/diodos-sa.gr\/de?s={search_term_string}"},"query-input":{"@type":"PropertyValueSpecification","valueRequired":true,"valueName":"search_term_string"}}],"inLanguage":"de"},{"@type":"Organization","@id":"https:\/\/diodos-sa.gr\/de#organization","name":"Diodos International Forwarders S.A.","url":"https:\/\/diodos-sa.gr\/de","logo":{"@type":"ImageObject","inLanguage":"de","@id":"https:\/\/diodos-sa.gr\/de#\/schema\/logo\/image\/","url":"https:\/\/diodos-sa.gr\/wp-content\/uploads\/2015\/12\/logo.png","contentUrl":"https:\/\/diodos-sa.gr\/wp-content\/uploads\/2015\/12\/logo.png","width":360,"height":78,"caption":"Diodos International Forwarders S.A."},"image":{"@id":"https:\/\/diodos-sa.gr\/de#\/schema\/logo\/image\/"}}]}},"_links":{"self":[{"href":"https:\/\/diodos-sa.gr\/de\/wp-json\/wp\/v2\/pages\/4719","targetHints":{"allow":["GET"]}}],"collection":[{"href":"https:\/\/diodos-sa.gr\/de\/wp-json\/wp\/v2\/pages"}],"about":[{"href":"https:\/\/diodos-sa.gr\/de\/wp-json\/wp\/v2\/types\/page"}],"author":[{"embeddable":true,"href":"https:\/\/diodos-sa.gr\/de\/wp-json\/wp\/v2\/users\/1"}],"replies":[{"embeddable":true,"href":"https:\/\/diodos-sa.gr\/de\/wp-json\/wp\/v2\/comments?post=4719"}],"version-history":[{"count":2,"href":"https:\/\/diodos-sa.gr\/de\/wp-json\/wp\/v2\/pages\/4719\/revisions"}],"predecessor-version":[{"id":4721,"href":"https:\/\/diodos-sa.gr\/de\/wp-json\/wp\/v2\/pages\/4719\/revisions\/4721"}],"up":[{"embeddable":true,"href":"https:\/\/diodos-sa.gr\/de\/wp-json\/wp\/v2\/pages\/4710"}],"wp:attachment":[{"href":"https:\/\/diodos-sa.gr\/de\/wp-json\/wp\/v2\/media?parent=4719"}],"curies":[{"name":"wp","href":"https:\/\/api.w.org\/{rel}","templated":true}]}}