{"id":4742,"date":"2020-06-04T10:55:05","date_gmt":"2020-06-04T09:55:05","guid":{"rendered":"https:\/\/diodos-sa.gr\/?page_id=4742"},"modified":"2020-06-04T14:44:54","modified_gmt":"2020-06-04T13:44:54","slug":"standortwechsel-umzuege","status":"publish","type":"page","link":"https:\/\/diodos-sa.gr\/de\/transport\/standortwechsel-umzuege","title":{"rendered":"Standortwechsel &#038; Umz\u00fcge"},"content":{"rendered":"<div class=\"wpb-content-wrapper\"><p>[vc_row row_space=&#8220;padding-medium&#8220;][vc_column width=&#8220;1\/2&#8243;][vc_column_text]Umz\u00fcge k\u00f6nnen sich zu einem aufwendigen und m\u00fchsamen Prozess entwickeln.<\/p>\n<h3>Bei Diodos S.A. bieten wir zuverl\u00e4ssige und erschwingliche Umzugsservices f\u00fcr ein einfaches und sicheres Umzugserlebnis an.<\/h3>\n<p>In Partnerschaft mit spezialisierten Besatzungen \u00fcbernehmen wir die Verpackung und den Transport Ihres Eigentums zu Ihrem neuen Haus.<\/p>\n<p>Wir garantieren einen lastfreien Prozess, der von der Bereitstellung des Verpackungsmaterials bis zu der Verpackung selbst reicht, sowie die Annahme und Verladung bis zur Lieferung und der Entladung Ihres Eigentums. Am Ende des Prozesses werden alle Verpackungsmaterialien eingesammelt und Ihr Raum wird sauber bereitgestellt.<\/p>\n<h3>Rufen Sie uns noch heute unter +30 210 4223270 an und planen Sie Ihren n\u00e4chsten Umzug!<\/h3>\n<p>[\/vc_column_text][\/vc_column][vc_column width=&#8220;1\/2&#8243;][vc_single_image image=&#8220;4521&#8243; img_size=&#8220;full&#8220; onclick=&#8220;link_image&#8220; css_animation=&#8220;fadeIn&#8220;][\/vc_column][\/vc_row]<\/p>\n<\/div>","protected":false},"excerpt":{"rendered":"<p>[vc_row row_space=&#8220;padding-medium&#8220;][vc_column width=&#8220;1\/2&#8243;][vc_column_text]Umz\u00fcge k\u00f6nnen sich zu einem aufwendigen und m\u00fchsamen Prozess entwickeln. Bei Diodos S.A. bieten wir zuverl\u00e4ssige und erschwingliche Umzugsservices f\u00fcr ein einfaches und sicheres Umzugserlebnis an. In Partnerschaft mit spezialisierten Besatzungen \u00fcbernehmen wir die Verpackung und den Transport Ihres Eigentums zu Ihrem neuen Haus. Wir garantieren einen lastfreien Prozess, der von der Bereitstellung [&hellip;]<\/p>\n","protected":false},"author":1,"featured_media":0,"parent":4710,"menu_order":0,"comment_status":"closed","ping_status":"closed","template":"","meta":{"footnotes":""},"class_list":["post-4742","page","type-page","status-publish","hentry"],"yoast_head":"<!-- This site is optimized with the Yoast SEO plugin v25.2 - https:\/\/yoast.com\/wordpress\/plugins\/seo\/ -->\n<title>Standortwechsel &amp; Umz\u00fcge - \u0394\u03af\u03bf\u03b4\u03bf\u03c2 | \u0394\u03b9\u03b5\u03b8\u03bd\u03b5\u03af\u03c2 \u039c\u03b5\u03c4\u03b1\u03c6\u03bf\u03c1\u03ad\u03c2 \u0391\u0395<\/title>\n<meta name=\"robots\" content=\"index, follow, max-snippet:-1, max-image-preview:large, max-video-preview:-1\" \/>\n<link rel=\"canonical\" href=\"https:\/\/diodos-sa.gr\/de\/transport\/standortwechsel-umzuege\" \/>\n<meta property=\"og:locale\" content=\"de_DE\" \/>\n<meta property=\"og:type\" content=\"article\" \/>\n<meta property=\"og:title\" content=\"Standortwechsel &amp; Umz\u00fcge - \u0394\u03af\u03bf\u03b4\u03bf\u03c2 | \u0394\u03b9\u03b5\u03b8\u03bd\u03b5\u03af\u03c2 \u039c\u03b5\u03c4\u03b1\u03c6\u03bf\u03c1\u03ad\u03c2 \u0391\u0395\" \/>\n<meta property=\"og:description\" content=\"[vc_row row_space=&#8220;padding-medium&#8220;][vc_column width=&#8220;1\/2&#8243;][vc_column_text]Umz\u00fcge k\u00f6nnen sich zu einem aufwendigen und m\u00fchsamen Prozess entwickeln. Bei Diodos S.A. bieten wir zuverl\u00e4ssige und erschwingliche Umzugsservices f\u00fcr ein einfaches und sicheres Umzugserlebnis an. In Partnerschaft mit spezialisierten Besatzungen \u00fcbernehmen wir die Verpackung und den Transport Ihres Eigentums zu Ihrem neuen Haus. Wir garantieren einen lastfreien Prozess, der von der Bereitstellung [&hellip;]\" \/>\n<meta property=\"og:url\" content=\"https:\/\/diodos-sa.gr\/de\/transport\/standortwechsel-umzuege\" \/>\n<meta property=\"og:site_name\" content=\"\u0394\u03af\u03bf\u03b4\u03bf\u03c2 | \u0394\u03b9\u03b5\u03b8\u03bd\u03b5\u03af\u03c2 \u039c\u03b5\u03c4\u03b1\u03c6\u03bf\u03c1\u03ad\u03c2 \u0391\u0395\" \/>\n<meta property=\"article:modified_time\" content=\"2020-06-04T13:44:54+00:00\" \/>\n<meta name=\"twitter:card\" content=\"summary_large_image\" \/>\n<meta name=\"twitter:label1\" content=\"Gesch\u00e4tzte Lesezeit\" \/>\n\t<meta name=\"twitter:data1\" content=\"1\u00a0Minute\" \/>\n<script type=\"application\/ld+json\" class=\"yoast-schema-graph\">{\"@context\":\"https:\/\/schema.org\",\"@graph\":[{\"@type\":\"WebPage\",\"@id\":\"https:\/\/diodos-sa.gr\/de\/transport\/standortwechsel-umzuege\",\"url\":\"https:\/\/diodos-sa.gr\/de\/transport\/standortwechsel-umzuege\",\"name\":\"Standortwechsel & Umz\u00fcge - \u0394\u03af\u03bf\u03b4\u03bf\u03c2 | \u0394\u03b9\u03b5\u03b8\u03bd\u03b5\u03af\u03c2 \u039c\u03b5\u03c4\u03b1\u03c6\u03bf\u03c1\u03ad\u03c2 \u0391\u0395\",\"isPartOf\":{\"@id\":\"https:\/\/diodos-sa.gr\/de#website\"},\"datePublished\":\"2020-06-04T09:55:05+00:00\",\"dateModified\":\"2020-06-04T13:44:54+00:00\",\"breadcrumb\":{\"@id\":\"https:\/\/diodos-sa.gr\/de\/transport\/standortwechsel-umzuege#breadcrumb\"},\"inLanguage\":\"de\",\"potentialAction\":[{\"@type\":\"ReadAction\",\"target\":[\"https:\/\/diodos-sa.gr\/de\/transport\/standortwechsel-umzuege\"]}]},{\"@type\":\"BreadcrumbList\",\"@id\":\"https:\/\/diodos-sa.gr\/de\/transport\/standortwechsel-umzuege#breadcrumb\",\"itemListElement\":[{\"@type\":\"ListItem\",\"position\":1,\"name\":\"Home\",\"item\":\"https:\/\/diodos-sa.gr\/de\"},{\"@type\":\"ListItem\",\"position\":2,\"name\":\"Transportl\u00f6sungen\",\"item\":\"https:\/\/diodos-sa.gr\/de\/transport\"},{\"@type\":\"ListItem\",\"position\":3,\"name\":\"Standortwechsel &#038; Umz\u00fcge\"}]},{\"@type\":\"WebSite\",\"@id\":\"https:\/\/diodos-sa.gr\/de#website\",\"url\":\"https:\/\/diodos-sa.gr\/de\",\"name\":\"\u0394\u03af\u03bf\u03b4\u03bf\u03c2 | \u0394\u03b9\u03b5\u03b8\u03bd\u03b5\u03af\u03c2 \u039c\u03b5\u03c4\u03b1\u03c6\u03bf\u03c1\u03ad\u03c2 \u0391\u0395\",\"description\":\"\u0394\u03b9\u03b5\u03b8\u03bd\u03b5\u03af\u03c2 \u039c\u03b5\u03c4\u03b1\u03c6\u03bf\u03c1\u03ad\u03c2\",\"publisher\":{\"@id\":\"https:\/\/diodos-sa.gr\/de#organization\"},\"potentialAction\":[{\"@type\":\"SearchAction\",\"target\":{\"@type\":\"EntryPoint\",\"urlTemplate\":\"https:\/\/diodos-sa.gr\/de?s={search_term_string}\"},\"query-input\":{\"@type\":\"PropertyValueSpecification\",\"valueRequired\":true,\"valueName\":\"search_term_string\"}}],\"inLanguage\":\"de\"},{\"@type\":\"Organization\",\"@id\":\"https:\/\/diodos-sa.gr\/de#organization\",\"name\":\"Diodos International Forwarders S.A.\",\"url\":\"https:\/\/diodos-sa.gr\/de\",\"logo\":{\"@type\":\"ImageObject\",\"inLanguage\":\"de\",\"@id\":\"https:\/\/diodos-sa.gr\/de#\/schema\/logo\/image\/\",\"url\":\"https:\/\/diodos-sa.gr\/wp-content\/uploads\/2015\/12\/logo.png\",\"contentUrl\":\"https:\/\/diodos-sa.gr\/wp-content\/uploads\/2015\/12\/logo.png\",\"width\":360,\"height\":78,\"caption\":\"Diodos International Forwarders S.A.\"},\"image\":{\"@id\":\"https:\/\/diodos-sa.gr\/de#\/schema\/logo\/image\/\"}}]}<\/script>\n<!-- \/ Yoast SEO plugin. -->","yoast_head_json":{"title":"Standortwechsel & Umz\u00fcge - \u0394\u03af\u03bf\u03b4\u03bf\u03c2 | \u0394\u03b9\u03b5\u03b8\u03bd\u03b5\u03af\u03c2 \u039c\u03b5\u03c4\u03b1\u03c6\u03bf\u03c1\u03ad\u03c2 \u0391\u0395","robots":{"index":"index","follow":"follow","max-snippet":"max-snippet:-1","max-image-preview":"max-image-preview:large","max-video-preview":"max-video-preview:-1"},"canonical":"https:\/\/diodos-sa.gr\/de\/transport\/standortwechsel-umzuege","og_locale":"de_DE","og_type":"article","og_title":"Standortwechsel & Umz\u00fcge - \u0394\u03af\u03bf\u03b4\u03bf\u03c2 | \u0394\u03b9\u03b5\u03b8\u03bd\u03b5\u03af\u03c2 \u039c\u03b5\u03c4\u03b1\u03c6\u03bf\u03c1\u03ad\u03c2 \u0391\u0395","og_description":"[vc_row row_space=&#8220;padding-medium&#8220;][vc_column width=&#8220;1\/2&#8243;][vc_column_text]Umz\u00fcge k\u00f6nnen sich zu einem aufwendigen und m\u00fchsamen Prozess entwickeln. Bei Diodos S.A. bieten wir zuverl\u00e4ssige und erschwingliche Umzugsservices f\u00fcr ein einfaches und sicheres Umzugserlebnis an. In Partnerschaft mit spezialisierten Besatzungen \u00fcbernehmen wir die Verpackung und den Transport Ihres Eigentums zu Ihrem neuen Haus. Wir garantieren einen lastfreien Prozess, der von der Bereitstellung [&hellip;]","og_url":"https:\/\/diodos-sa.gr\/de\/transport\/standortwechsel-umzuege","og_site_name":"\u0394\u03af\u03bf\u03b4\u03bf\u03c2 | \u0394\u03b9\u03b5\u03b8\u03bd\u03b5\u03af\u03c2 \u039c\u03b5\u03c4\u03b1\u03c6\u03bf\u03c1\u03ad\u03c2 \u0391\u0395","article_modified_time":"2020-06-04T13:44:54+00:00","twitter_card":"summary_large_image","twitter_misc":{"Gesch\u00e4tzte Lesezeit":"1\u00a0Minute"},"schema":{"@context":"https:\/\/schema.org","@graph":[{"@type":"WebPage","@id":"https:\/\/diodos-sa.gr\/de\/transport\/standortwechsel-umzuege","url":"https:\/\/diodos-sa.gr\/de\/transport\/standortwechsel-umzuege","name":"Standortwechsel & Umz\u00fcge - \u0394\u03af\u03bf\u03b4\u03bf\u03c2 | \u0394\u03b9\u03b5\u03b8\u03bd\u03b5\u03af\u03c2 \u039c\u03b5\u03c4\u03b1\u03c6\u03bf\u03c1\u03ad\u03c2 \u0391\u0395","isPartOf":{"@id":"https:\/\/diodos-sa.gr\/de#website"},"datePublished":"2020-06-04T09:55:05+00:00","dateModified":"2020-06-04T13:44:54+00:00","breadcrumb":{"@id":"https:\/\/diodos-sa.gr\/de\/transport\/standortwechsel-umzuege#breadcrumb"},"inLanguage":"de","potentialAction":[{"@type":"ReadAction","target":["https:\/\/diodos-sa.gr\/de\/transport\/standortwechsel-umzuege"]}]},{"@type":"BreadcrumbList","@id":"https:\/\/diodos-sa.gr\/de\/transport\/standortwechsel-umzuege#breadcrumb","itemListElement":[{"@type":"ListItem","position":1,"name":"Home","item":"https:\/\/diodos-sa.gr\/de"},{"@type":"ListItem","position":2,"name":"Transportl\u00f6sungen","item":"https:\/\/diodos-sa.gr\/de\/transport"},{"@type":"ListItem","position":3,"name":"Standortwechsel &#038; Umz\u00fcge"}]},{"@type":"WebSite","@id":"https:\/\/diodos-sa.gr\/de#website","url":"https:\/\/diodos-sa.gr\/de","name":"\u0394\u03af\u03bf\u03b4\u03bf\u03c2 | \u0394\u03b9\u03b5\u03b8\u03bd\u03b5\u03af\u03c2 \u039c\u03b5\u03c4\u03b1\u03c6\u03bf\u03c1\u03ad\u03c2 \u0391\u0395","description":"\u0394\u03b9\u03b5\u03b8\u03bd\u03b5\u03af\u03c2 \u039c\u03b5\u03c4\u03b1\u03c6\u03bf\u03c1\u03ad\u03c2","publisher":{"@id":"https:\/\/diodos-sa.gr\/de#organization"},"potentialAction":[{"@type":"SearchAction","target":{"@type":"EntryPoint","urlTemplate":"https:\/\/diodos-sa.gr\/de?s={search_term_string}"},"query-input":{"@type":"PropertyValueSpecification","valueRequired":true,"valueName":"search_term_string"}}],"inLanguage":"de"},{"@type":"Organization","@id":"https:\/\/diodos-sa.gr\/de#organization","name":"Diodos International Forwarders S.A.","url":"https:\/\/diodos-sa.gr\/de","logo":{"@type":"ImageObject","inLanguage":"de","@id":"https:\/\/diodos-sa.gr\/de#\/schema\/logo\/image\/","url":"https:\/\/diodos-sa.gr\/wp-content\/uploads\/2015\/12\/logo.png","contentUrl":"https:\/\/diodos-sa.gr\/wp-content\/uploads\/2015\/12\/logo.png","width":360,"height":78,"caption":"Diodos International Forwarders S.A."},"image":{"@id":"https:\/\/diodos-sa.gr\/de#\/schema\/logo\/image\/"}}]}},"_links":{"self":[{"href":"https:\/\/diodos-sa.gr\/de\/wp-json\/wp\/v2\/pages\/4742","targetHints":{"allow":["GET"]}}],"collection":[{"href":"https:\/\/diodos-sa.gr\/de\/wp-json\/wp\/v2\/pages"}],"about":[{"href":"https:\/\/diodos-sa.gr\/de\/wp-json\/wp\/v2\/types\/page"}],"author":[{"embeddable":true,"href":"https:\/\/diodos-sa.gr\/de\/wp-json\/wp\/v2\/users\/1"}],"replies":[{"embeddable":true,"href":"https:\/\/diodos-sa.gr\/de\/wp-json\/wp\/v2\/comments?post=4742"}],"version-history":[{"count":2,"href":"https:\/\/diodos-sa.gr\/de\/wp-json\/wp\/v2\/pages\/4742\/revisions"}],"predecessor-version":[{"id":4746,"href":"https:\/\/diodos-sa.gr\/de\/wp-json\/wp\/v2\/pages\/4742\/revisions\/4746"}],"up":[{"embeddable":true,"href":"https:\/\/diodos-sa.gr\/de\/wp-json\/wp\/v2\/pages\/4710"}],"wp:attachment":[{"href":"https:\/\/diodos-sa.gr\/de\/wp-json\/wp\/v2\/media?parent=4742"}],"curies":[{"name":"wp","href":"https:\/\/api.w.org\/{rel}","templated":true}]}}