{"id":4754,"date":"2020-06-04T11:28:31","date_gmt":"2020-06-04T10:28:31","guid":{"rendered":"https:\/\/diodos-sa.gr\/?page_id=4754"},"modified":"2020-06-04T14:44:46","modified_gmt":"2020-06-04T13:44:46","slug":"transport-griechenland-niederlande","status":"publish","type":"page","link":"https:\/\/diodos-sa.gr\/de\/transport\/transport-griechenland-niederlande","title":{"rendered":"Transport Griechenland-Niederlande"},"content":{"rendered":"<div class=\"wpb-content-wrapper\"><p>[vc_row row_space=&#8220;remove_margin remove_padding remove_padding_col&#8220; css=&#8220;.vc_custom_1589377998110{padding-top: 60px !important;padding-bottom: 10px !important;}&#8220;][vc_column][gva_block_heading title=&#8220;Transport Griechenland-Niederlande&#8220; subtitle=&#8220;Vertrauen Sie uns bei jedem Stra\u00dfentransport zwischen Griechenland und den Niederlanden.&#8220; desc=&#8220;Unser landesweites Partnernetzwerk in den Niederlanden und unsere hochmoderne Frachtflotte, kombiniert mit unserem fundierten Fachwissen, garantieren einen schnellen, zuverl\u00e4ssigen und sicheren Transport Ihrer Fracht von oder nach den Niederlanden.&#8220;][vc_single_image image=&#8220;4553&#8243; img_size=&#8220;full&#8220;][\/vc_column][\/vc_row][vc_row row_space=&#8220;remove_margin remove_padding remove_padding_col&#8220;][vc_column width=&#8220;1\/2&#8243; css=&#8220;.vc_custom_1589378750563{padding-top: 20px !important;}&#8220;][vc_column_text]Wir planen und liefern alle Sendungen in strikter \u00dcbereinstimmung mit Ihren Anweisungen, an jeden Punkt in den <strong>Niederlanden<\/strong>, mit Best\u00e4ndigkeit und akribischer Detailgenauigkeit.<\/p>\n<ul>\n<li><strong>Wir holen G\u00fcter t\u00e4glich<\/strong> von jedem Punkt in den <strong>Niederlanden<\/strong> ab.<\/li>\n<li>Wir halten uns immer an unsere festgesetzten Lieferzeiten vor 10.00 und 12.00 Uhr morgens.<\/li>\n<li>Sie k\u00f6nnen den genauen Standort und den <strong>Fortschritt Ihrer Sendung jederzeit, online<\/strong>, in Echtzeit und von jedem Ger\u00e4t aus verfolgen.<\/li>\n<li>Wir sind an ein einzigartiges, zusammenh\u00e4ngendes und effizientes Netzwerk mit Abhol- und Abgabestellen \u00fcberall in den Niederlanden angeschlossen.<\/li>\n<li>Wir bieten Ihnen <strong>Verzollung und Abfertigung<\/strong> sowie ein integriertes Paket von <strong>Logistik- und Supply-Chain-Management-Dienstleistungen<\/strong> mit einer breiten Streuung von Lagern, um kommerzielle Bed\u00fcrfnisse jeder Gr\u00f6\u00dfe und Komplexit\u00e4t abzudecken.<\/li>\n<li>Wir streben stets nach kontinuierlichen und engagierten Partnerschaften mit unseren Kunden und legen Wert auf <strong>langfristige Gesch\u00e4ftsbeziehungen<\/strong>.<\/li>\n<li>Sie k\u00f6nnen sich darauf verlassen, dass Ihre Fracht von oder nach Belgien sicher und p\u00fcnktlich geliefert wird. Wir garantieren stets die Verf\u00fcgbarkeit unserer Transportressourcen und legen strenge Sicherheitsvorkehrungen fest, um eventuell auftretende Herausforderungen zu meistern.<\/li>\n<\/ul>\n<p>[\/vc_column_text][\/vc_column][vc_column width=&#8220;1\/2&#8243; css=&#8220;.vc_custom_1589378764696{padding-top: 10px !important;}&#8220;][vc_column_text]<\/p>\n<h3>T\u00e4gliche Abfahrten aus den Niederlanden nach Griechenland, England \/ Gro\u00dfbritannien, Irland und D\u00e4nemark.<\/h3>\n<h3>Kontaktieren Sie uns noch heute unter +30 210 422 3270, um ein Angebot anzufordern.<\/h3>\n<p>[\/vc_column_text][\/vc_column][\/vc_row][vc_row][vc_column][vc_empty_space][\/vc_column][\/vc_row]<\/p>\n<\/div>","protected":false},"excerpt":{"rendered":"<p>[vc_row row_space=&#8220;remove_margin remove_padding remove_padding_col&#8220; css=&#8220;.vc_custom_1589377998110{padding-top: 60px !important;padding-bottom: 10px !important;}&#8220;][vc_column][gva_block_heading title=&#8220;Transport Griechenland-Niederlande&#8220; subtitle=&#8220;Vertrauen Sie uns bei jedem Stra\u00dfentransport zwischen Griechenland und den Niederlanden.&#8220; desc=&#8220;Unser landesweites Partnernetzwerk in den Niederlanden und unsere hochmoderne Frachtflotte, kombiniert mit unserem fundierten Fachwissen, garantieren einen schnellen, zuverl\u00e4ssigen und sicheren Transport Ihrer Fracht von oder nach den Niederlanden.&#8220;][vc_single_image image=&#8220;4553&#8243; img_size=&#8220;full&#8220;][\/vc_column][\/vc_row][vc_row row_space=&#8220;remove_margin remove_padding [&hellip;]<\/p>\n","protected":false},"author":1,"featured_media":0,"parent":4710,"menu_order":0,"comment_status":"closed","ping_status":"closed","template":"","meta":{"footnotes":""},"class_list":["post-4754","page","type-page","status-publish","hentry"],"yoast_head":"<!-- This site is optimized with the Yoast SEO plugin v25.2 - https:\/\/yoast.com\/wordpress\/plugins\/seo\/ -->\n<title>Transport Griechenland-Niederlande - \u0394\u03af\u03bf\u03b4\u03bf\u03c2 | \u0394\u03b9\u03b5\u03b8\u03bd\u03b5\u03af\u03c2 \u039c\u03b5\u03c4\u03b1\u03c6\u03bf\u03c1\u03ad\u03c2 \u0391\u0395<\/title>\n<meta name=\"robots\" content=\"index, follow, max-snippet:-1, max-image-preview:large, max-video-preview:-1\" \/>\n<link rel=\"canonical\" href=\"https:\/\/diodos-sa.gr\/de\/transport\/transport-griechenland-niederlande\" \/>\n<meta property=\"og:locale\" content=\"de_DE\" \/>\n<meta property=\"og:type\" content=\"article\" \/>\n<meta property=\"og:title\" content=\"Transport Griechenland-Niederlande - \u0394\u03af\u03bf\u03b4\u03bf\u03c2 | \u0394\u03b9\u03b5\u03b8\u03bd\u03b5\u03af\u03c2 \u039c\u03b5\u03c4\u03b1\u03c6\u03bf\u03c1\u03ad\u03c2 \u0391\u0395\" \/>\n<meta property=\"og:description\" content=\"[vc_row row_space=&#8220;remove_margin remove_padding remove_padding_col&#8220; css=&#8220;.vc_custom_1589377998110{padding-top: 60px !important;padding-bottom: 10px !important;}&#8220;][vc_column][gva_block_heading title=&#8220;Transport Griechenland-Niederlande&#8220; subtitle=&#8220;Vertrauen Sie uns bei jedem Stra\u00dfentransport zwischen Griechenland und den Niederlanden.&#8220; desc=&#8220;Unser landesweites Partnernetzwerk in den Niederlanden und unsere hochmoderne Frachtflotte, kombiniert mit unserem fundierten Fachwissen, garantieren einen schnellen, zuverl\u00e4ssigen und sicheren Transport Ihrer Fracht von oder nach den Niederlanden.&#8220;][vc_single_image image=&#8220;4553&#8243; img_size=&#8220;full&#8220;][\/vc_column][\/vc_row][vc_row row_space=&#8220;remove_margin remove_padding [&hellip;]\" \/>\n<meta property=\"og:url\" content=\"https:\/\/diodos-sa.gr\/de\/transport\/transport-griechenland-niederlande\" \/>\n<meta property=\"og:site_name\" content=\"\u0394\u03af\u03bf\u03b4\u03bf\u03c2 | \u0394\u03b9\u03b5\u03b8\u03bd\u03b5\u03af\u03c2 \u039c\u03b5\u03c4\u03b1\u03c6\u03bf\u03c1\u03ad\u03c2 \u0391\u0395\" \/>\n<meta property=\"article:modified_time\" content=\"2020-06-04T13:44:46+00:00\" \/>\n<meta name=\"twitter:card\" content=\"summary_large_image\" \/>\n<meta name=\"twitter:label1\" content=\"Gesch\u00e4tzte Lesezeit\" \/>\n\t<meta name=\"twitter:data1\" content=\"2\u00a0Minuten\" \/>\n<script type=\"application\/ld+json\" class=\"yoast-schema-graph\">{\"@context\":\"https:\/\/schema.org\",\"@graph\":[{\"@type\":\"WebPage\",\"@id\":\"https:\/\/diodos-sa.gr\/de\/transport\/transport-griechenland-niederlande\",\"url\":\"https:\/\/diodos-sa.gr\/de\/transport\/transport-griechenland-niederlande\",\"name\":\"Transport Griechenland-Niederlande - \u0394\u03af\u03bf\u03b4\u03bf\u03c2 | \u0394\u03b9\u03b5\u03b8\u03bd\u03b5\u03af\u03c2 \u039c\u03b5\u03c4\u03b1\u03c6\u03bf\u03c1\u03ad\u03c2 \u0391\u0395\",\"isPartOf\":{\"@id\":\"https:\/\/diodos-sa.gr\/de#website\"},\"datePublished\":\"2020-06-04T10:28:31+00:00\",\"dateModified\":\"2020-06-04T13:44:46+00:00\",\"breadcrumb\":{\"@id\":\"https:\/\/diodos-sa.gr\/de\/transport\/transport-griechenland-niederlande#breadcrumb\"},\"inLanguage\":\"de\",\"potentialAction\":[{\"@type\":\"ReadAction\",\"target\":[\"https:\/\/diodos-sa.gr\/de\/transport\/transport-griechenland-niederlande\"]}]},{\"@type\":\"BreadcrumbList\",\"@id\":\"https:\/\/diodos-sa.gr\/de\/transport\/transport-griechenland-niederlande#breadcrumb\",\"itemListElement\":[{\"@type\":\"ListItem\",\"position\":1,\"name\":\"Home\",\"item\":\"https:\/\/diodos-sa.gr\/de\"},{\"@type\":\"ListItem\",\"position\":2,\"name\":\"Transportl\u00f6sungen\",\"item\":\"https:\/\/diodos-sa.gr\/de\/transport\"},{\"@type\":\"ListItem\",\"position\":3,\"name\":\"Transport Griechenland-Niederlande\"}]},{\"@type\":\"WebSite\",\"@id\":\"https:\/\/diodos-sa.gr\/de#website\",\"url\":\"https:\/\/diodos-sa.gr\/de\",\"name\":\"\u0394\u03af\u03bf\u03b4\u03bf\u03c2 | \u0394\u03b9\u03b5\u03b8\u03bd\u03b5\u03af\u03c2 \u039c\u03b5\u03c4\u03b1\u03c6\u03bf\u03c1\u03ad\u03c2 \u0391\u0395\",\"description\":\"\u0394\u03b9\u03b5\u03b8\u03bd\u03b5\u03af\u03c2 \u039c\u03b5\u03c4\u03b1\u03c6\u03bf\u03c1\u03ad\u03c2\",\"publisher\":{\"@id\":\"https:\/\/diodos-sa.gr\/de#organization\"},\"potentialAction\":[{\"@type\":\"SearchAction\",\"target\":{\"@type\":\"EntryPoint\",\"urlTemplate\":\"https:\/\/diodos-sa.gr\/de?s={search_term_string}\"},\"query-input\":{\"@type\":\"PropertyValueSpecification\",\"valueRequired\":true,\"valueName\":\"search_term_string\"}}],\"inLanguage\":\"de\"},{\"@type\":\"Organization\",\"@id\":\"https:\/\/diodos-sa.gr\/de#organization\",\"name\":\"Diodos International Forwarders S.A.\",\"url\":\"https:\/\/diodos-sa.gr\/de\",\"logo\":{\"@type\":\"ImageObject\",\"inLanguage\":\"de\",\"@id\":\"https:\/\/diodos-sa.gr\/de#\/schema\/logo\/image\/\",\"url\":\"https:\/\/diodos-sa.gr\/wp-content\/uploads\/2015\/12\/logo.png\",\"contentUrl\":\"https:\/\/diodos-sa.gr\/wp-content\/uploads\/2015\/12\/logo.png\",\"width\":360,\"height\":78,\"caption\":\"Diodos International Forwarders S.A.\"},\"image\":{\"@id\":\"https:\/\/diodos-sa.gr\/de#\/schema\/logo\/image\/\"}}]}<\/script>\n<!-- \/ Yoast SEO plugin. -->","yoast_head_json":{"title":"Transport Griechenland-Niederlande - \u0394\u03af\u03bf\u03b4\u03bf\u03c2 | \u0394\u03b9\u03b5\u03b8\u03bd\u03b5\u03af\u03c2 \u039c\u03b5\u03c4\u03b1\u03c6\u03bf\u03c1\u03ad\u03c2 \u0391\u0395","robots":{"index":"index","follow":"follow","max-snippet":"max-snippet:-1","max-image-preview":"max-image-preview:large","max-video-preview":"max-video-preview:-1"},"canonical":"https:\/\/diodos-sa.gr\/de\/transport\/transport-griechenland-niederlande","og_locale":"de_DE","og_type":"article","og_title":"Transport Griechenland-Niederlande - \u0394\u03af\u03bf\u03b4\u03bf\u03c2 | \u0394\u03b9\u03b5\u03b8\u03bd\u03b5\u03af\u03c2 \u039c\u03b5\u03c4\u03b1\u03c6\u03bf\u03c1\u03ad\u03c2 \u0391\u0395","og_description":"[vc_row row_space=&#8220;remove_margin remove_padding remove_padding_col&#8220; css=&#8220;.vc_custom_1589377998110{padding-top: 60px !important;padding-bottom: 10px !important;}&#8220;][vc_column][gva_block_heading title=&#8220;Transport Griechenland-Niederlande&#8220; subtitle=&#8220;Vertrauen Sie uns bei jedem Stra\u00dfentransport zwischen Griechenland und den Niederlanden.&#8220; desc=&#8220;Unser landesweites Partnernetzwerk in den Niederlanden und unsere hochmoderne Frachtflotte, kombiniert mit unserem fundierten Fachwissen, garantieren einen schnellen, zuverl\u00e4ssigen und sicheren Transport Ihrer Fracht von oder nach den Niederlanden.&#8220;][vc_single_image image=&#8220;4553&#8243; img_size=&#8220;full&#8220;][\/vc_column][\/vc_row][vc_row row_space=&#8220;remove_margin remove_padding [&hellip;]","og_url":"https:\/\/diodos-sa.gr\/de\/transport\/transport-griechenland-niederlande","og_site_name":"\u0394\u03af\u03bf\u03b4\u03bf\u03c2 | \u0394\u03b9\u03b5\u03b8\u03bd\u03b5\u03af\u03c2 \u039c\u03b5\u03c4\u03b1\u03c6\u03bf\u03c1\u03ad\u03c2 \u0391\u0395","article_modified_time":"2020-06-04T13:44:46+00:00","twitter_card":"summary_large_image","twitter_misc":{"Gesch\u00e4tzte Lesezeit":"2\u00a0Minuten"},"schema":{"@context":"https:\/\/schema.org","@graph":[{"@type":"WebPage","@id":"https:\/\/diodos-sa.gr\/de\/transport\/transport-griechenland-niederlande","url":"https:\/\/diodos-sa.gr\/de\/transport\/transport-griechenland-niederlande","name":"Transport Griechenland-Niederlande - \u0394\u03af\u03bf\u03b4\u03bf\u03c2 | \u0394\u03b9\u03b5\u03b8\u03bd\u03b5\u03af\u03c2 \u039c\u03b5\u03c4\u03b1\u03c6\u03bf\u03c1\u03ad\u03c2 \u0391\u0395","isPartOf":{"@id":"https:\/\/diodos-sa.gr\/de#website"},"datePublished":"2020-06-04T10:28:31+00:00","dateModified":"2020-06-04T13:44:46+00:00","breadcrumb":{"@id":"https:\/\/diodos-sa.gr\/de\/transport\/transport-griechenland-niederlande#breadcrumb"},"inLanguage":"de","potentialAction":[{"@type":"ReadAction","target":["https:\/\/diodos-sa.gr\/de\/transport\/transport-griechenland-niederlande"]}]},{"@type":"BreadcrumbList","@id":"https:\/\/diodos-sa.gr\/de\/transport\/transport-griechenland-niederlande#breadcrumb","itemListElement":[{"@type":"ListItem","position":1,"name":"Home","item":"https:\/\/diodos-sa.gr\/de"},{"@type":"ListItem","position":2,"name":"Transportl\u00f6sungen","item":"https:\/\/diodos-sa.gr\/de\/transport"},{"@type":"ListItem","position":3,"name":"Transport Griechenland-Niederlande"}]},{"@type":"WebSite","@id":"https:\/\/diodos-sa.gr\/de#website","url":"https:\/\/diodos-sa.gr\/de","name":"\u0394\u03af\u03bf\u03b4\u03bf\u03c2 | \u0394\u03b9\u03b5\u03b8\u03bd\u03b5\u03af\u03c2 \u039c\u03b5\u03c4\u03b1\u03c6\u03bf\u03c1\u03ad\u03c2 \u0391\u0395","description":"\u0394\u03b9\u03b5\u03b8\u03bd\u03b5\u03af\u03c2 \u039c\u03b5\u03c4\u03b1\u03c6\u03bf\u03c1\u03ad\u03c2","publisher":{"@id":"https:\/\/diodos-sa.gr\/de#organization"},"potentialAction":[{"@type":"SearchAction","target":{"@type":"EntryPoint","urlTemplate":"https:\/\/diodos-sa.gr\/de?s={search_term_string}"},"query-input":{"@type":"PropertyValueSpecification","valueRequired":true,"valueName":"search_term_string"}}],"inLanguage":"de"},{"@type":"Organization","@id":"https:\/\/diodos-sa.gr\/de#organization","name":"Diodos International Forwarders S.A.","url":"https:\/\/diodos-sa.gr\/de","logo":{"@type":"ImageObject","inLanguage":"de","@id":"https:\/\/diodos-sa.gr\/de#\/schema\/logo\/image\/","url":"https:\/\/diodos-sa.gr\/wp-content\/uploads\/2015\/12\/logo.png","contentUrl":"https:\/\/diodos-sa.gr\/wp-content\/uploads\/2015\/12\/logo.png","width":360,"height":78,"caption":"Diodos International Forwarders S.A."},"image":{"@id":"https:\/\/diodos-sa.gr\/de#\/schema\/logo\/image\/"}}]}},"_links":{"self":[{"href":"https:\/\/diodos-sa.gr\/de\/wp-json\/wp\/v2\/pages\/4754","targetHints":{"allow":["GET"]}}],"collection":[{"href":"https:\/\/diodos-sa.gr\/de\/wp-json\/wp\/v2\/pages"}],"about":[{"href":"https:\/\/diodos-sa.gr\/de\/wp-json\/wp\/v2\/types\/page"}],"author":[{"embeddable":true,"href":"https:\/\/diodos-sa.gr\/de\/wp-json\/wp\/v2\/users\/1"}],"replies":[{"embeddable":true,"href":"https:\/\/diodos-sa.gr\/de\/wp-json\/wp\/v2\/comments?post=4754"}],"version-history":[{"count":2,"href":"https:\/\/diodos-sa.gr\/de\/wp-json\/wp\/v2\/pages\/4754\/revisions"}],"predecessor-version":[{"id":4756,"href":"https:\/\/diodos-sa.gr\/de\/wp-json\/wp\/v2\/pages\/4754\/revisions\/4756"}],"up":[{"embeddable":true,"href":"https:\/\/diodos-sa.gr\/de\/wp-json\/wp\/v2\/pages\/4710"}],"wp:attachment":[{"href":"https:\/\/diodos-sa.gr\/de\/wp-json\/wp\/v2\/media?parent=4754"}],"curies":[{"name":"wp","href":"https:\/\/api.w.org\/{rel}","templated":true}]}}