{"id":4760,"date":"2020-06-04T11:57:32","date_gmt":"2020-06-04T10:57:32","guid":{"rendered":"https:\/\/diodos-sa.gr\/?page_id=4760"},"modified":"2025-07-21T17:02:07","modified_gmt":"2025-07-21T14:02:07","slug":"unternehmen","status":"publish","type":"page","link":"https:\/\/diodos-sa.gr\/de\/unternehmen","title":{"rendered":"Unser Unternehmen"},"content":{"rendered":"<div class=\"wpb-content-wrapper\"><p>[vc_row isfullwidth=&#8220;&#8220; css=&#8220;.vc_custom_1591268486682{padding-bottom: 20px !important;}&#8220;][vc_column][gva_block_heading title=&#8220;Ihr Tor zu Europa&#8220; style=&#8220;style-2&#8243; align=&#8220;align-left&#8220;][vc_column_text]Bei Diodos haben wir Transportprofis mit umfassender Erfahrung in allen Bereichen der Schifffahrt zusammengebracht, mit der Vision, internationale Mehrwerttransport-Dienstleistungen nach den h\u00f6chsten Standards des Marktes, mit Konsistenz, Flexibilit\u00e4t, Sicherheit und einem <strong>konkurrenzlosen Preis-Leistungs-Verh\u00e4ltnis anzubieten<\/strong>.<\/p>\n<p>Wir bieten integrierte Transportl\u00f6sungen von und nach Europa an, die sich auf unser Fachwissen, unsere Professionalit\u00e4t und unsere fortschrittliche Technologie st\u00fctzen und bis zur Perfektion ausgef\u00fchrt werden.<\/p>\n<p>Unsere Unternehmenssitze befinden sich in Pir\u00e4us und Thessaloniki. Unsere hochmoderne Lkw-Flotte f\u00fchrt w\u00f6chentlich planm\u00e4\u00dfige Fahrten von und nach allen unseren Bestimmungsorten durch.[\/vc_column_text][vc_single_image image=&#8220;3877&#8243; img_size=&#8220;full&#8220; alignment=&#8220;center&#8220; css=&#8220;.vc_custom_1580911897927{padding-top: 20px !important;padding-bottom: 20px !important;}&#8220;][\/vc_column][\/vc_row][vc_row row_space=&#8220;remove_padding&#8220; css=&#8220;.vc_custom_1591273821162{background-image: url(https:\/\/diodos-sa.gr\/wp-content\/uploads\/2020\/05\/back3grey.jpg?id=4412) !important;}&#8220;][vc_column][vc_row_inner css=&#8220;.vc_custom_1580917367332{padding-top: 80px !important;}&#8220;][vc_column_inner][gva_block_heading title=&#8220;Warum wir&#8220; style=&#8220;style-2&#8243; align=&#8220;align-left&#8220; desc=&#8220;Seit nunmehr 20 Jahren verteilen wir Ihre Fracht mit Best\u00e4ndigkeit und in \u00dcbereinstimmung mit allen internationalen Vorschriften.<\/p>\n<p>Unser Ziel ist es, unseren Service kontinuierlich zu optimieren und Ihnen f\u00fcr jedes Projekt die gr\u00f6\u00dftm\u00f6gliche Flexibilit\u00e4t innerhalb der Grenzen Ihres Budgets und Zeitrahmens zu bieten.&#8220;][\/vc_column_inner][\/vc_row_inner][vc_row_inner][vc_column_inner width=&#8220;1\/2&#8243;][gva_icon_box title=&#8220;Zuverl\u00e4ssiges Netzwerk&#8220; description=&#8220;Wir arbeiten mit dem verl\u00e4sslichsten Netzwerk von Partnern zusammen, die in jeder gr\u00f6\u00dferen europ\u00e4ischen Stadt vertreten sind.&#8220; icon_position=&#8220;left&#8220; icon_width=&#8220;fa-3x&#8220; margin_bottom=&#8220;margin-bottom-2&#8243; image=&#8220;3494&#8243;][\/vc_column_inner][vc_column_inner width=&#8220;1\/2&#8243;][gva_icon_box title=&#8220;Moderne Flotte&#8220; description=&#8220;Unsere hochmoderne LKW-Flotte hei\u00dft Ihr Unternehmen willkommen f\u00fcr Sammelgut- und Vollcontainertransporte mit Schnelligkeit, Pr\u00e4zision und Zuverl\u00e4ssigkeit.&#8220; icon_position=&#8220;left&#8220; icon_width=&#8220;fa-3x&#8220; margin_bottom=&#8220;margin-bottom-2&#8243; image=&#8220;3495&#8243;][\/vc_column_inner][\/vc_row_inner][vc_row_inner][vc_column_inner width=&#8220;1\/2&#8243;][gva_icon_box title=&#8220;Pers\u00f6nlicher Service&#8220; description=&#8220;Wir sind stolz auf die pers\u00f6nliche Art und Weise, wie wir unsere Gesch\u00e4fte f\u00fchren. Wir betrachten jeden Kunden als einen einzigartigen Partner.&#8220; icon_position=&#8220;left&#8220; icon_width=&#8220;fa-3x&#8220; margin_bottom=&#8220;margin-bottom-2&#8243; image=&#8220;3496&#8243;][\/vc_column_inner][vc_column_inner width=&#8220;1\/2&#8243;][gva_icon_box title=&#8220;Erfahrung und Technologie&#8220; description=&#8220;Unser einzigartiger Wettbewerbsvorteil liegt in der gro\u00dfen Erfahrung unseres Teams und der Art und Weise, wie wir die fortschrittlichsten technologischen L\u00f6sungen zu Ihrem Nutzen einsetzen.&#8220; icon_position=&#8220;left&#8220; icon_width=&#8220;fa-3x&#8220; margin_bottom=&#8220;margin-bottom-2&#8243; image=&#8220;3497&#8243;][\/vc_column_inner][\/vc_row_inner][vc_row_inner css=&#8220;.vc_custom_1580917375954{padding-bottom: 80px !important;}&#8220;][vc_column_inner width=&#8220;1\/4&#8243;][vc_single_image image=&#8220;3868&#8243; img_size=&#8220;&#8220;][\/vc_column_inner][vc_column_inner width=&#8220;3\/4&#8243;][vc_column_text]<\/p>\n<h2>Wie wir es machen<\/h2>\n<p>Als Reaktion auf die steigenden Erfordernisse des zeitgen\u00f6ssischen Gesch\u00e4ftslebens, bietet Diodos akkurate und zeitlich angepasste internationale Speditionsleistungen an, die sich durch Zuverl\u00e4ssigkeit, Sicherheit und wettbewerbsf\u00e4hige Preise auszeichnen.[\/vc_column_text][\/vc_column_inner][\/vc_row_inner][\/vc_column][\/vc_row][vc_row gap=&#8220;10&#8243; custom_background=&#8220;bg-dark&#8220; css=&#8220;.vc_custom_1580911706249{background-color: #444444 !important;}&#8220; el_id=&#8220;founder&#8220; el_class=&#8220;darkbg&#8220;][vc_column][vc_row_inner][vc_column_inner width=&#8220;1\/2&#8243;][vc_column_text]<\/p>\n<h2>Gr\u00fcnder<\/h2>\n<p>Diodos wurde 2004 von Vasilios Goumas gegr\u00fcndet. Herr Goumas, mit seiner umfangreichen Erfahrung, Begeisterung, Flexibilit\u00e4t und Flei\u00df, etablierte das Unternehmen in Zeiten der Rezession und finanzieller Notumst\u00e4nde der M\u00e4rkte.<\/p>\n<p>Herr Goumas, der Gr\u00fcnder und Generaldirektor der urspr\u00fcnglichen Unternehmen Diodos LLC und darauf folgend, DIODOS S.A., setzte den Entwicklungskurs und die Ziele des Unternehmens fest. Er verstarb im April 2014.<\/p>\n<p>Seine intensive Gegenwart als Pers\u00f6nlichkeit und als Gesch\u00e4ftsmann war w\u00e4hrend seiner Zeit katalytisch und beeinflusste die neue F\u00fchrung des Unternehmens, seinem Management-Stil, seiner Philosophie und Tatendrang zu folgen. Herr Goumas Prinzipien basierten auf Ehrlichkeit, Aufrichtigkeit, Best\u00e4ndigkeit, Verantwortung, Rechenschaft sowie W\u00fcrde.[\/vc_column_text][\/vc_column_inner][vc_column_inner width=&#8220;1\/2&#8243; css=&#8220;.vc_custom_1580911491785{padding-top: 60px !important;padding-bottom: 60px !important;}&#8220;][vc_single_image image=&#8220;3870&#8243; img_size=&#8220;&#8220; alignment=&#8220;center&#8220;][\/vc_column_inner][\/vc_row_inner][\/vc_column][\/vc_row][vc_row gap=&#8220;10&#8243; parallax=&#8220;content-moving&#8220; parallax_image=&#8220;4072&#8243; custom_background=&#8220;bg-right&#8220;][vc_column][vc_row_inner][vc_column_inner width=&#8220;1\/2&#8243;][vc_single_image image=&#8220;23779&#8243; img_size=&#8220;&#8220; css=&#8220;.vc_custom_1753107043828{padding-top: 80px !important;}&#8220;][\/vc_column_inner][vc_column_inner width=&#8220;1\/2&#8243; css=&#8220;.vc_custom_1580912579153{padding-top: 60px !important;padding-bottom: 60px !important;padding-left: 20px !important;}&#8220;][vc_column_text css=&#8220;&#8220;]<\/p>\n<h2>Zertifizierung<\/h2>\n<p>Bei Diodos ist es unser st\u00e4ndiges Bestreben, unsere Prozesse, die Organisation f\u00fcr die Ressourcenverteilung und die <a href=\"https:\/\/diodos-sa.gr\/de\/unternehmen\/richtlinie-fuer-qualitaet\">Gesamtqualit\u00e4t<\/a> zu verbessern, um die volle Zufriedenheit unserer Kunden zu erreichen.<\/p>\n<p>Zu diesem Zweck haben wir das Qualit\u00e4tsmanagementsystem ISO 9001:2008 eingef\u00fchrt und wenden es an.<\/p>\n<p>Die Zertifizierung durch T\u00dcV HELLAS | T\u00dcV NORD GROUP gew\u00e4hrleistet die sorgf\u00e4ltige Anwendung der QMS-Standards in den Prozessen vor, w\u00e4hrend und nach der Erf\u00fcllung unserer Frachtdienstleistungen, sowohl im Inland als auch international.<\/p>\n<p>Sie k\u00f6nnen unser Zertifikat, das unten angeh\u00e4ngt ist, in griechischer Sprache herunterladen:<\/p>\n<p><a class=\"btn-theme\" href=\"https:\/\/diodos-sa.gr\/wp-content\/uploads\/2015\/12\/DIODOS-9001-EN.pdf\" target=\"_blank\" rel=\"noopener noreferrer\">Zertifizierung herunterladen [PDF]<\/a>[\/vc_column_text][\/vc_column_inner][\/vc_row_inner][\/vc_column][\/vc_row]<\/p>\n<\/div>","protected":false},"excerpt":{"rendered":"<p>[vc_row isfullwidth=&#8220;&#8220; css=&#8220;.vc_custom_1591268486682{padding-bottom: 20px !important;}&#8220;][vc_column][gva_block_heading title=&#8220;Ihr Tor zu Europa&#8220; style=&#8220;style-2&#8243; align=&#8220;align-left&#8220;][vc_column_text]Bei Diodos haben wir Transportprofis mit umfassender Erfahrung in allen Bereichen der Schifffahrt zusammengebracht, mit der Vision, internationale Mehrwerttransport-Dienstleistungen nach den h\u00f6chsten Standards des Marktes, mit Konsistenz, Flexibilit\u00e4t, Sicherheit und einem konkurrenzlosen Preis-Leistungs-Verh\u00e4ltnis anzubieten. Wir bieten integrierte Transportl\u00f6sungen von und nach Europa an, die sich [&hellip;]<\/p>\n","protected":false},"author":1,"featured_media":0,"parent":0,"menu_order":0,"comment_status":"closed","ping_status":"closed","template":"","meta":{"footnotes":""},"class_list":["post-4760","page","type-page","status-publish","hentry"],"yoast_head":"<!-- This site is optimized with the Yoast SEO plugin v25.2 - https:\/\/yoast.com\/wordpress\/plugins\/seo\/ -->\n<title>Unser Unternehmen - \u0394\u03af\u03bf\u03b4\u03bf\u03c2 | \u0394\u03b9\u03b5\u03b8\u03bd\u03b5\u03af\u03c2 \u039c\u03b5\u03c4\u03b1\u03c6\u03bf\u03c1\u03ad\u03c2 \u0391\u0395<\/title>\n<meta name=\"robots\" content=\"index, follow, max-snippet:-1, max-image-preview:large, max-video-preview:-1\" \/>\n<link rel=\"canonical\" href=\"https:\/\/diodos-sa.gr\/de\/unternehmen\" \/>\n<meta property=\"og:locale\" content=\"de_DE\" \/>\n<meta property=\"og:type\" content=\"article\" \/>\n<meta property=\"og:title\" content=\"Unser Unternehmen - \u0394\u03af\u03bf\u03b4\u03bf\u03c2 | \u0394\u03b9\u03b5\u03b8\u03bd\u03b5\u03af\u03c2 \u039c\u03b5\u03c4\u03b1\u03c6\u03bf\u03c1\u03ad\u03c2 \u0391\u0395\" \/>\n<meta property=\"og:description\" content=\"[vc_row isfullwidth=&#8220;&#8220; css=&#8220;.vc_custom_1591268486682{padding-bottom: 20px !important;}&#8220;][vc_column][gva_block_heading title=&#8220;Ihr Tor zu Europa&#8220; style=&#8220;style-2&#8243; align=&#8220;align-left&#8220;][vc_column_text]Bei Diodos haben wir Transportprofis mit umfassender Erfahrung in allen Bereichen der Schifffahrt zusammengebracht, mit der Vision, internationale Mehrwerttransport-Dienstleistungen nach den h\u00f6chsten Standards des Marktes, mit Konsistenz, Flexibilit\u00e4t, Sicherheit und einem konkurrenzlosen Preis-Leistungs-Verh\u00e4ltnis anzubieten. Wir bieten integrierte Transportl\u00f6sungen von und nach Europa an, die sich [&hellip;]\" \/>\n<meta property=\"og:url\" content=\"https:\/\/diodos-sa.gr\/de\/unternehmen\" \/>\n<meta property=\"og:site_name\" content=\"\u0394\u03af\u03bf\u03b4\u03bf\u03c2 | \u0394\u03b9\u03b5\u03b8\u03bd\u03b5\u03af\u03c2 \u039c\u03b5\u03c4\u03b1\u03c6\u03bf\u03c1\u03ad\u03c2 \u0391\u0395\" \/>\n<meta property=\"article:modified_time\" content=\"2025-07-21T14:02:07+00:00\" \/>\n<meta name=\"twitter:card\" content=\"summary_large_image\" \/>\n<meta name=\"twitter:label1\" content=\"Gesch\u00e4tzte Lesezeit\" \/>\n\t<meta name=\"twitter:data1\" content=\"4\u00a0Minuten\" \/>\n<script type=\"application\/ld+json\" class=\"yoast-schema-graph\">{\"@context\":\"https:\/\/schema.org\",\"@graph\":[{\"@type\":\"WebPage\",\"@id\":\"https:\/\/diodos-sa.gr\/de\/unternehmen\",\"url\":\"https:\/\/diodos-sa.gr\/de\/unternehmen\",\"name\":\"Unser Unternehmen - \u0394\u03af\u03bf\u03b4\u03bf\u03c2 | \u0394\u03b9\u03b5\u03b8\u03bd\u03b5\u03af\u03c2 \u039c\u03b5\u03c4\u03b1\u03c6\u03bf\u03c1\u03ad\u03c2 \u0391\u0395\",\"isPartOf\":{\"@id\":\"https:\/\/diodos-sa.gr\/de#website\"},\"datePublished\":\"2020-06-04T10:57:32+00:00\",\"dateModified\":\"2025-07-21T14:02:07+00:00\",\"breadcrumb\":{\"@id\":\"https:\/\/diodos-sa.gr\/de\/unternehmen#breadcrumb\"},\"inLanguage\":\"de\",\"potentialAction\":[{\"@type\":\"ReadAction\",\"target\":[\"https:\/\/diodos-sa.gr\/de\/unternehmen\"]}]},{\"@type\":\"BreadcrumbList\",\"@id\":\"https:\/\/diodos-sa.gr\/de\/unternehmen#breadcrumb\",\"itemListElement\":[{\"@type\":\"ListItem\",\"position\":1,\"name\":\"Home\",\"item\":\"https:\/\/diodos-sa.gr\/de\"},{\"@type\":\"ListItem\",\"position\":2,\"name\":\"Unser Unternehmen\"}]},{\"@type\":\"WebSite\",\"@id\":\"https:\/\/diodos-sa.gr\/de#website\",\"url\":\"https:\/\/diodos-sa.gr\/de\",\"name\":\"\u0394\u03af\u03bf\u03b4\u03bf\u03c2 | \u0394\u03b9\u03b5\u03b8\u03bd\u03b5\u03af\u03c2 \u039c\u03b5\u03c4\u03b1\u03c6\u03bf\u03c1\u03ad\u03c2 \u0391\u0395\",\"description\":\"\u0394\u03b9\u03b5\u03b8\u03bd\u03b5\u03af\u03c2 \u039c\u03b5\u03c4\u03b1\u03c6\u03bf\u03c1\u03ad\u03c2\",\"publisher\":{\"@id\":\"https:\/\/diodos-sa.gr\/de#organization\"},\"potentialAction\":[{\"@type\":\"SearchAction\",\"target\":{\"@type\":\"EntryPoint\",\"urlTemplate\":\"https:\/\/diodos-sa.gr\/de?s={search_term_string}\"},\"query-input\":{\"@type\":\"PropertyValueSpecification\",\"valueRequired\":true,\"valueName\":\"search_term_string\"}}],\"inLanguage\":\"de\"},{\"@type\":\"Organization\",\"@id\":\"https:\/\/diodos-sa.gr\/de#organization\",\"name\":\"Diodos International Forwarders S.A.\",\"url\":\"https:\/\/diodos-sa.gr\/de\",\"logo\":{\"@type\":\"ImageObject\",\"inLanguage\":\"de\",\"@id\":\"https:\/\/diodos-sa.gr\/de#\/schema\/logo\/image\/\",\"url\":\"https:\/\/diodos-sa.gr\/wp-content\/uploads\/2015\/12\/logo.png\",\"contentUrl\":\"https:\/\/diodos-sa.gr\/wp-content\/uploads\/2015\/12\/logo.png\",\"width\":360,\"height\":78,\"caption\":\"Diodos International Forwarders S.A.\"},\"image\":{\"@id\":\"https:\/\/diodos-sa.gr\/de#\/schema\/logo\/image\/\"}}]}<\/script>\n<!-- \/ Yoast SEO plugin. -->","yoast_head_json":{"title":"Unser Unternehmen - \u0394\u03af\u03bf\u03b4\u03bf\u03c2 | \u0394\u03b9\u03b5\u03b8\u03bd\u03b5\u03af\u03c2 \u039c\u03b5\u03c4\u03b1\u03c6\u03bf\u03c1\u03ad\u03c2 \u0391\u0395","robots":{"index":"index","follow":"follow","max-snippet":"max-snippet:-1","max-image-preview":"max-image-preview:large","max-video-preview":"max-video-preview:-1"},"canonical":"https:\/\/diodos-sa.gr\/de\/unternehmen","og_locale":"de_DE","og_type":"article","og_title":"Unser Unternehmen - \u0394\u03af\u03bf\u03b4\u03bf\u03c2 | \u0394\u03b9\u03b5\u03b8\u03bd\u03b5\u03af\u03c2 \u039c\u03b5\u03c4\u03b1\u03c6\u03bf\u03c1\u03ad\u03c2 \u0391\u0395","og_description":"[vc_row isfullwidth=&#8220;&#8220; css=&#8220;.vc_custom_1591268486682{padding-bottom: 20px !important;}&#8220;][vc_column][gva_block_heading title=&#8220;Ihr Tor zu Europa&#8220; style=&#8220;style-2&#8243; align=&#8220;align-left&#8220;][vc_column_text]Bei Diodos haben wir Transportprofis mit umfassender Erfahrung in allen Bereichen der Schifffahrt zusammengebracht, mit der Vision, internationale Mehrwerttransport-Dienstleistungen nach den h\u00f6chsten Standards des Marktes, mit Konsistenz, Flexibilit\u00e4t, Sicherheit und einem konkurrenzlosen Preis-Leistungs-Verh\u00e4ltnis anzubieten. Wir bieten integrierte Transportl\u00f6sungen von und nach Europa an, die sich [&hellip;]","og_url":"https:\/\/diodos-sa.gr\/de\/unternehmen","og_site_name":"\u0394\u03af\u03bf\u03b4\u03bf\u03c2 | \u0394\u03b9\u03b5\u03b8\u03bd\u03b5\u03af\u03c2 \u039c\u03b5\u03c4\u03b1\u03c6\u03bf\u03c1\u03ad\u03c2 \u0391\u0395","article_modified_time":"2025-07-21T14:02:07+00:00","twitter_card":"summary_large_image","twitter_misc":{"Gesch\u00e4tzte Lesezeit":"4\u00a0Minuten"},"schema":{"@context":"https:\/\/schema.org","@graph":[{"@type":"WebPage","@id":"https:\/\/diodos-sa.gr\/de\/unternehmen","url":"https:\/\/diodos-sa.gr\/de\/unternehmen","name":"Unser Unternehmen - \u0394\u03af\u03bf\u03b4\u03bf\u03c2 | \u0394\u03b9\u03b5\u03b8\u03bd\u03b5\u03af\u03c2 \u039c\u03b5\u03c4\u03b1\u03c6\u03bf\u03c1\u03ad\u03c2 \u0391\u0395","isPartOf":{"@id":"https:\/\/diodos-sa.gr\/de#website"},"datePublished":"2020-06-04T10:57:32+00:00","dateModified":"2025-07-21T14:02:07+00:00","breadcrumb":{"@id":"https:\/\/diodos-sa.gr\/de\/unternehmen#breadcrumb"},"inLanguage":"de","potentialAction":[{"@type":"ReadAction","target":["https:\/\/diodos-sa.gr\/de\/unternehmen"]}]},{"@type":"BreadcrumbList","@id":"https:\/\/diodos-sa.gr\/de\/unternehmen#breadcrumb","itemListElement":[{"@type":"ListItem","position":1,"name":"Home","item":"https:\/\/diodos-sa.gr\/de"},{"@type":"ListItem","position":2,"name":"Unser Unternehmen"}]},{"@type":"WebSite","@id":"https:\/\/diodos-sa.gr\/de#website","url":"https:\/\/diodos-sa.gr\/de","name":"\u0394\u03af\u03bf\u03b4\u03bf\u03c2 | \u0394\u03b9\u03b5\u03b8\u03bd\u03b5\u03af\u03c2 \u039c\u03b5\u03c4\u03b1\u03c6\u03bf\u03c1\u03ad\u03c2 \u0391\u0395","description":"\u0394\u03b9\u03b5\u03b8\u03bd\u03b5\u03af\u03c2 \u039c\u03b5\u03c4\u03b1\u03c6\u03bf\u03c1\u03ad\u03c2","publisher":{"@id":"https:\/\/diodos-sa.gr\/de#organization"},"potentialAction":[{"@type":"SearchAction","target":{"@type":"EntryPoint","urlTemplate":"https:\/\/diodos-sa.gr\/de?s={search_term_string}"},"query-input":{"@type":"PropertyValueSpecification","valueRequired":true,"valueName":"search_term_string"}}],"inLanguage":"de"},{"@type":"Organization","@id":"https:\/\/diodos-sa.gr\/de#organization","name":"Diodos International Forwarders S.A.","url":"https:\/\/diodos-sa.gr\/de","logo":{"@type":"ImageObject","inLanguage":"de","@id":"https:\/\/diodos-sa.gr\/de#\/schema\/logo\/image\/","url":"https:\/\/diodos-sa.gr\/wp-content\/uploads\/2015\/12\/logo.png","contentUrl":"https:\/\/diodos-sa.gr\/wp-content\/uploads\/2015\/12\/logo.png","width":360,"height":78,"caption":"Diodos International Forwarders S.A."},"image":{"@id":"https:\/\/diodos-sa.gr\/de#\/schema\/logo\/image\/"}}]}},"_links":{"self":[{"href":"https:\/\/diodos-sa.gr\/de\/wp-json\/wp\/v2\/pages\/4760","targetHints":{"allow":["GET"]}}],"collection":[{"href":"https:\/\/diodos-sa.gr\/de\/wp-json\/wp\/v2\/pages"}],"about":[{"href":"https:\/\/diodos-sa.gr\/de\/wp-json\/wp\/v2\/types\/page"}],"author":[{"embeddable":true,"href":"https:\/\/diodos-sa.gr\/de\/wp-json\/wp\/v2\/users\/1"}],"replies":[{"embeddable":true,"href":"https:\/\/diodos-sa.gr\/de\/wp-json\/wp\/v2\/comments?post=4760"}],"version-history":[{"count":12,"href":"https:\/\/diodos-sa.gr\/de\/wp-json\/wp\/v2\/pages\/4760\/revisions"}],"predecessor-version":[{"id":23785,"href":"https:\/\/diodos-sa.gr\/de\/wp-json\/wp\/v2\/pages\/4760\/revisions\/23785"}],"wp:attachment":[{"href":"https:\/\/diodos-sa.gr\/de\/wp-json\/wp\/v2\/media?parent=4760"}],"curies":[{"name":"wp","href":"https:\/\/api.w.org\/{rel}","templated":true}]}}