{"id":4786,"date":"2020-06-04T12:34:02","date_gmt":"2020-06-04T11:34:02","guid":{"rendered":"https:\/\/diodos-sa.gr\/?page_id=4786"},"modified":"2023-01-27T12:34:34","modified_gmt":"2023-01-27T10:34:34","slug":"netzwerk","status":"publish","type":"page","link":"https:\/\/diodos-sa.gr\/de\/netzwerk","title":{"rendered":"Netzwerk"},"content":{"rendered":"<div class=\"wpb-content-wrapper\"><p>[vc_row row_space=&#8220;remove_padding&#8220;][vc_column][vc_single_image image=&#8220;4643&#8243; img_size=&#8220;&#8220; alignment=&#8220;center&#8220; onclick=&#8220;link_image&#8220; css_animation=&#8220;fadeIn&#8220;][vc_empty_space][gva_block_heading title=&#8220;Paneurop\u00e4isches Netzwerk&#8220; style=&#8220;style-3&#8243; align=&#8220;align-left&#8220; desc=&#8220;Unser Erfolg beruht auf einem Netzwerk guter Partnerschaften. F\u00fcr unsere internationalen Speditionsaktivit\u00e4ten arbeiten wir mit dem reaktionsschnellsten und am besten vernetzten Netzwerk von Partnern in Europa zusammen, die von bew\u00e4hrten Partnern in den Bereichen Logistik und Lieferkettenmanagement unterst\u00fctzt werden.&#8220;][\/vc_column][\/vc_row][vc_row row_space=&#8220;remove_padding&#8220;][vc_column width=&#8220;1\/2&#8243; offset=&#8220;vc_hidden-lg vc_hidden-md vc_hidden-sm vc_hidden-xs&#8220;][gva_partners photo=&#8220;3932&#8243; category=&#8220;Von \/ nach: Deutschland, \u00d6sterreich, Schweiz, Italien&#8220; link=&#8220;https:\/\/www.emons.com\/&#8220; target=&#8220;on&#8220; address=&#8220;Victoria 8007 Australia&#8220; text=&#8220;Theme &amp; Marketing Consulting&#8220; title=&#8220;Emons&#8220;]Emons Spedition bietet zuverl\u00e4ssige und flexible Transport- und Logistikdienstleistungen aus dem deutschen Raum. Das internationale Filialnetz und sein Know-how sind weltweit zug\u00e4nglich.[\/gva_partners][\/vc_column][vc_column width=&#8220;1\/2&#8243; offset=&#8220;vc_hidden-lg vc_hidden-md vc_hidden-sm vc_hidden-xs&#8220;][gva_partners photo=&#8220;3934&#8243; category=&#8220;Von \/ nach: Niederlande&#8220; link=&#8220;https:\/\/dna.forwarder.net\/en_EN&#8220; target=&#8220;on&#8220; address=&#8220;Victoria 8007 Australia&#8220; text=&#8220;Theme &amp; Marketing Consulting&#8220; title=&#8220;DNA United Forwarders B.V.&#8220;]DNA ist ein f\u00fchrendes Transportunternehmen in den Niederlanden.[\/gva_partners][\/vc_column][\/vc_row][vc_row row_space=&#8220;remove_padding&#8220;][vc_column width=&#8220;1\/2&#8243; offset=&#8220;vc_hidden-lg vc_hidden-md vc_hidden-sm vc_hidden-xs&#8220;][gva_partners photo=&#8220;3939&#8243; category=&#8220;Logistik \/ Lagerung&#8220; link=&#8220;https:\/\/www.dsslogistics.gr\/index.php\/en\/&#8220; target=&#8220;on&#8220; address=&#8220;Victoria 8007 Australia&#8220; text=&#8220;Theme &amp; Marketing Consulting&#8220; title=&#8220;DSS Logistics&#8220;]DSS bietet flexible L\u00f6sungen in den Bereichen Transport, Logistik, Lagerung und Vertrieb mit Sitz in Athen.[\/gva_partners][\/vc_column][vc_column width=&#8220;1\/2&#8243; offset=&#8220;vc_hidden-lg vc_hidden-md vc_hidden-sm vc_hidden-xs&#8220;][gva_partners photo=&#8220;3937&#8243; category=&#8220;Von \/ nach: Belgien&#8220; link=&#8220;https:\/\/www.mainfreight.com\/be\/en\/be-home.aspx&#8220; target=&#8220;on&#8220; address=&#8220;Victoria 8007 Australia&#8220; text=&#8220;Theme &amp; Marketing Consulting&#8220; title=&#8220;Mainfreight&#8220;]Als globaler Logistikdienstleister mit weltweit \u00fcber 247 Niederlassungen, bietet Mainfreight ma\u00dfgeschneiderte Logistikl\u00f6sungen f\u00fcr Wirtschaft und Industrie an.[\/gva_partners][\/vc_column][\/vc_row][vc_row row_space=&#8220;remove_padding&#8220;][vc_column width=&#8220;1\/2&#8243; offset=&#8220;vc_hidden-lg vc_hidden-md vc_hidden-sm vc_hidden-xs&#8220;][gva_partners photo=&#8220;3938&#8243; category=&#8220;Von \/ nach: Spanien&#8220; link=&#8220;http:\/\/www.hellmann.net\/&#8220; target=&#8220;on&#8220; address=&#8220;Victoria 8007 Australia&#8220; text=&#8220;Theme &amp; Marketing Consulting&#8220; title=&#8220;Hellmann&#8220;]Hellmann ist ein zuverl\u00e4ssiger Name im globalen Transport und in der Logistik.[\/gva_partners][\/vc_column][vc_column width=&#8220;1\/2&#8243;][\/vc_column][\/vc_row]<\/p>\n<\/div>","protected":false},"excerpt":{"rendered":"<p>[vc_row row_space=&#8220;remove_padding&#8220;][vc_column][vc_single_image image=&#8220;4643&#8243; img_size=&#8220;&#8220; alignment=&#8220;center&#8220; onclick=&#8220;link_image&#8220; css_animation=&#8220;fadeIn&#8220;][vc_empty_space][gva_block_heading title=&#8220;Paneurop\u00e4isches Netzwerk&#8220; style=&#8220;style-3&#8243; align=&#8220;align-left&#8220; desc=&#8220;Unser Erfolg beruht auf einem Netzwerk guter Partnerschaften. F\u00fcr unsere internationalen Speditionsaktivit\u00e4ten arbeiten wir mit dem reaktionsschnellsten und am besten vernetzten Netzwerk von Partnern in Europa zusammen, die von bew\u00e4hrten Partnern in den Bereichen Logistik und Lieferkettenmanagement unterst\u00fctzt werden.&#8220;][\/vc_column][\/vc_row][vc_row row_space=&#8220;remove_padding&#8220;][vc_column width=&#8220;1\/2&#8243; offset=&#8220;vc_hidden-lg vc_hidden-md vc_hidden-sm [&hellip;]<\/p>\n","protected":false},"author":1,"featured_media":0,"parent":0,"menu_order":0,"comment_status":"closed","ping_status":"closed","template":"","meta":{"footnotes":""},"class_list":["post-4786","page","type-page","status-publish","hentry"],"yoast_head":"<!-- This site is optimized with the Yoast SEO plugin v25.2 - https:\/\/yoast.com\/wordpress\/plugins\/seo\/ -->\n<title>Netzwerk - \u0394\u03af\u03bf\u03b4\u03bf\u03c2 | \u0394\u03b9\u03b5\u03b8\u03bd\u03b5\u03af\u03c2 \u039c\u03b5\u03c4\u03b1\u03c6\u03bf\u03c1\u03ad\u03c2 \u0391\u0395<\/title>\n<meta name=\"robots\" content=\"index, follow, max-snippet:-1, max-image-preview:large, max-video-preview:-1\" \/>\n<link rel=\"canonical\" href=\"https:\/\/diodos-sa.gr\/de\/netzwerk\" \/>\n<meta property=\"og:locale\" content=\"de_DE\" \/>\n<meta property=\"og:type\" content=\"article\" \/>\n<meta property=\"og:title\" content=\"Netzwerk - \u0394\u03af\u03bf\u03b4\u03bf\u03c2 | \u0394\u03b9\u03b5\u03b8\u03bd\u03b5\u03af\u03c2 \u039c\u03b5\u03c4\u03b1\u03c6\u03bf\u03c1\u03ad\u03c2 \u0391\u0395\" \/>\n<meta property=\"og:description\" content=\"[vc_row row_space=&#8220;remove_padding&#8220;][vc_column][vc_single_image image=&#8220;4643&#8243; img_size=&#8220;&#8220; alignment=&#8220;center&#8220; onclick=&#8220;link_image&#8220; css_animation=&#8220;fadeIn&#8220;][vc_empty_space][gva_block_heading title=&#8220;Paneurop\u00e4isches Netzwerk&#8220; style=&#8220;style-3&#8243; align=&#8220;align-left&#8220; desc=&#8220;Unser Erfolg beruht auf einem Netzwerk guter Partnerschaften. F\u00fcr unsere internationalen Speditionsaktivit\u00e4ten arbeiten wir mit dem reaktionsschnellsten und am besten vernetzten Netzwerk von Partnern in Europa zusammen, die von bew\u00e4hrten Partnern in den Bereichen Logistik und Lieferkettenmanagement unterst\u00fctzt werden.&#8220;][\/vc_column][\/vc_row][vc_row row_space=&#8220;remove_padding&#8220;][vc_column width=&#8220;1\/2&#8243; offset=&#8220;vc_hidden-lg vc_hidden-md vc_hidden-sm [&hellip;]\" \/>\n<meta property=\"og:url\" content=\"https:\/\/diodos-sa.gr\/de\/netzwerk\" \/>\n<meta property=\"og:site_name\" content=\"\u0394\u03af\u03bf\u03b4\u03bf\u03c2 | \u0394\u03b9\u03b5\u03b8\u03bd\u03b5\u03af\u03c2 \u039c\u03b5\u03c4\u03b1\u03c6\u03bf\u03c1\u03ad\u03c2 \u0391\u0395\" \/>\n<meta property=\"article:modified_time\" content=\"2023-01-27T10:34:34+00:00\" \/>\n<meta name=\"twitter:card\" content=\"summary_large_image\" \/>\n<meta name=\"twitter:label1\" content=\"Gesch\u00e4tzte Lesezeit\" \/>\n\t<meta name=\"twitter:data1\" content=\"2\u00a0Minuten\" \/>\n<script type=\"application\/ld+json\" class=\"yoast-schema-graph\">{\"@context\":\"https:\/\/schema.org\",\"@graph\":[{\"@type\":\"WebPage\",\"@id\":\"https:\/\/diodos-sa.gr\/de\/netzwerk\",\"url\":\"https:\/\/diodos-sa.gr\/de\/netzwerk\",\"name\":\"Netzwerk - \u0394\u03af\u03bf\u03b4\u03bf\u03c2 | \u0394\u03b9\u03b5\u03b8\u03bd\u03b5\u03af\u03c2 \u039c\u03b5\u03c4\u03b1\u03c6\u03bf\u03c1\u03ad\u03c2 \u0391\u0395\",\"isPartOf\":{\"@id\":\"https:\/\/diodos-sa.gr\/de#website\"},\"datePublished\":\"2020-06-04T11:34:02+00:00\",\"dateModified\":\"2023-01-27T10:34:34+00:00\",\"breadcrumb\":{\"@id\":\"https:\/\/diodos-sa.gr\/de\/netzwerk#breadcrumb\"},\"inLanguage\":\"de\",\"potentialAction\":[{\"@type\":\"ReadAction\",\"target\":[\"https:\/\/diodos-sa.gr\/de\/netzwerk\"]}]},{\"@type\":\"BreadcrumbList\",\"@id\":\"https:\/\/diodos-sa.gr\/de\/netzwerk#breadcrumb\",\"itemListElement\":[{\"@type\":\"ListItem\",\"position\":1,\"name\":\"Home\",\"item\":\"https:\/\/diodos-sa.gr\/de\"},{\"@type\":\"ListItem\",\"position\":2,\"name\":\"Netzwerk\"}]},{\"@type\":\"WebSite\",\"@id\":\"https:\/\/diodos-sa.gr\/de#website\",\"url\":\"https:\/\/diodos-sa.gr\/de\",\"name\":\"\u0394\u03af\u03bf\u03b4\u03bf\u03c2 | \u0394\u03b9\u03b5\u03b8\u03bd\u03b5\u03af\u03c2 \u039c\u03b5\u03c4\u03b1\u03c6\u03bf\u03c1\u03ad\u03c2 \u0391\u0395\",\"description\":\"\u0394\u03b9\u03b5\u03b8\u03bd\u03b5\u03af\u03c2 \u039c\u03b5\u03c4\u03b1\u03c6\u03bf\u03c1\u03ad\u03c2\",\"publisher\":{\"@id\":\"https:\/\/diodos-sa.gr\/de#organization\"},\"potentialAction\":[{\"@type\":\"SearchAction\",\"target\":{\"@type\":\"EntryPoint\",\"urlTemplate\":\"https:\/\/diodos-sa.gr\/de?s={search_term_string}\"},\"query-input\":{\"@type\":\"PropertyValueSpecification\",\"valueRequired\":true,\"valueName\":\"search_term_string\"}}],\"inLanguage\":\"de\"},{\"@type\":\"Organization\",\"@id\":\"https:\/\/diodos-sa.gr\/de#organization\",\"name\":\"Diodos International Forwarders S.A.\",\"url\":\"https:\/\/diodos-sa.gr\/de\",\"logo\":{\"@type\":\"ImageObject\",\"inLanguage\":\"de\",\"@id\":\"https:\/\/diodos-sa.gr\/de#\/schema\/logo\/image\/\",\"url\":\"https:\/\/diodos-sa.gr\/wp-content\/uploads\/2015\/12\/logo.png\",\"contentUrl\":\"https:\/\/diodos-sa.gr\/wp-content\/uploads\/2015\/12\/logo.png\",\"width\":360,\"height\":78,\"caption\":\"Diodos International Forwarders S.A.\"},\"image\":{\"@id\":\"https:\/\/diodos-sa.gr\/de#\/schema\/logo\/image\/\"}}]}<\/script>\n<!-- \/ Yoast SEO plugin. -->","yoast_head_json":{"title":"Netzwerk - \u0394\u03af\u03bf\u03b4\u03bf\u03c2 | \u0394\u03b9\u03b5\u03b8\u03bd\u03b5\u03af\u03c2 \u039c\u03b5\u03c4\u03b1\u03c6\u03bf\u03c1\u03ad\u03c2 \u0391\u0395","robots":{"index":"index","follow":"follow","max-snippet":"max-snippet:-1","max-image-preview":"max-image-preview:large","max-video-preview":"max-video-preview:-1"},"canonical":"https:\/\/diodos-sa.gr\/de\/netzwerk","og_locale":"de_DE","og_type":"article","og_title":"Netzwerk - \u0394\u03af\u03bf\u03b4\u03bf\u03c2 | \u0394\u03b9\u03b5\u03b8\u03bd\u03b5\u03af\u03c2 \u039c\u03b5\u03c4\u03b1\u03c6\u03bf\u03c1\u03ad\u03c2 \u0391\u0395","og_description":"[vc_row row_space=&#8220;remove_padding&#8220;][vc_column][vc_single_image image=&#8220;4643&#8243; img_size=&#8220;&#8220; alignment=&#8220;center&#8220; onclick=&#8220;link_image&#8220; css_animation=&#8220;fadeIn&#8220;][vc_empty_space][gva_block_heading title=&#8220;Paneurop\u00e4isches Netzwerk&#8220; style=&#8220;style-3&#8243; align=&#8220;align-left&#8220; desc=&#8220;Unser Erfolg beruht auf einem Netzwerk guter Partnerschaften. F\u00fcr unsere internationalen Speditionsaktivit\u00e4ten arbeiten wir mit dem reaktionsschnellsten und am besten vernetzten Netzwerk von Partnern in Europa zusammen, die von bew\u00e4hrten Partnern in den Bereichen Logistik und Lieferkettenmanagement unterst\u00fctzt werden.&#8220;][\/vc_column][\/vc_row][vc_row row_space=&#8220;remove_padding&#8220;][vc_column width=&#8220;1\/2&#8243; offset=&#8220;vc_hidden-lg vc_hidden-md vc_hidden-sm [&hellip;]","og_url":"https:\/\/diodos-sa.gr\/de\/netzwerk","og_site_name":"\u0394\u03af\u03bf\u03b4\u03bf\u03c2 | \u0394\u03b9\u03b5\u03b8\u03bd\u03b5\u03af\u03c2 \u039c\u03b5\u03c4\u03b1\u03c6\u03bf\u03c1\u03ad\u03c2 \u0391\u0395","article_modified_time":"2023-01-27T10:34:34+00:00","twitter_card":"summary_large_image","twitter_misc":{"Gesch\u00e4tzte Lesezeit":"2\u00a0Minuten"},"schema":{"@context":"https:\/\/schema.org","@graph":[{"@type":"WebPage","@id":"https:\/\/diodos-sa.gr\/de\/netzwerk","url":"https:\/\/diodos-sa.gr\/de\/netzwerk","name":"Netzwerk - \u0394\u03af\u03bf\u03b4\u03bf\u03c2 | \u0394\u03b9\u03b5\u03b8\u03bd\u03b5\u03af\u03c2 \u039c\u03b5\u03c4\u03b1\u03c6\u03bf\u03c1\u03ad\u03c2 \u0391\u0395","isPartOf":{"@id":"https:\/\/diodos-sa.gr\/de#website"},"datePublished":"2020-06-04T11:34:02+00:00","dateModified":"2023-01-27T10:34:34+00:00","breadcrumb":{"@id":"https:\/\/diodos-sa.gr\/de\/netzwerk#breadcrumb"},"inLanguage":"de","potentialAction":[{"@type":"ReadAction","target":["https:\/\/diodos-sa.gr\/de\/netzwerk"]}]},{"@type":"BreadcrumbList","@id":"https:\/\/diodos-sa.gr\/de\/netzwerk#breadcrumb","itemListElement":[{"@type":"ListItem","position":1,"name":"Home","item":"https:\/\/diodos-sa.gr\/de"},{"@type":"ListItem","position":2,"name":"Netzwerk"}]},{"@type":"WebSite","@id":"https:\/\/diodos-sa.gr\/de#website","url":"https:\/\/diodos-sa.gr\/de","name":"\u0394\u03af\u03bf\u03b4\u03bf\u03c2 | \u0394\u03b9\u03b5\u03b8\u03bd\u03b5\u03af\u03c2 \u039c\u03b5\u03c4\u03b1\u03c6\u03bf\u03c1\u03ad\u03c2 \u0391\u0395","description":"\u0394\u03b9\u03b5\u03b8\u03bd\u03b5\u03af\u03c2 \u039c\u03b5\u03c4\u03b1\u03c6\u03bf\u03c1\u03ad\u03c2","publisher":{"@id":"https:\/\/diodos-sa.gr\/de#organization"},"potentialAction":[{"@type":"SearchAction","target":{"@type":"EntryPoint","urlTemplate":"https:\/\/diodos-sa.gr\/de?s={search_term_string}"},"query-input":{"@type":"PropertyValueSpecification","valueRequired":true,"valueName":"search_term_string"}}],"inLanguage":"de"},{"@type":"Organization","@id":"https:\/\/diodos-sa.gr\/de#organization","name":"Diodos International Forwarders S.A.","url":"https:\/\/diodos-sa.gr\/de","logo":{"@type":"ImageObject","inLanguage":"de","@id":"https:\/\/diodos-sa.gr\/de#\/schema\/logo\/image\/","url":"https:\/\/diodos-sa.gr\/wp-content\/uploads\/2015\/12\/logo.png","contentUrl":"https:\/\/diodos-sa.gr\/wp-content\/uploads\/2015\/12\/logo.png","width":360,"height":78,"caption":"Diodos International Forwarders S.A."},"image":{"@id":"https:\/\/diodos-sa.gr\/de#\/schema\/logo\/image\/"}}]}},"_links":{"self":[{"href":"https:\/\/diodos-sa.gr\/de\/wp-json\/wp\/v2\/pages\/4786","targetHints":{"allow":["GET"]}}],"collection":[{"href":"https:\/\/diodos-sa.gr\/de\/wp-json\/wp\/v2\/pages"}],"about":[{"href":"https:\/\/diodos-sa.gr\/de\/wp-json\/wp\/v2\/types\/page"}],"author":[{"embeddable":true,"href":"https:\/\/diodos-sa.gr\/de\/wp-json\/wp\/v2\/users\/1"}],"replies":[{"embeddable":true,"href":"https:\/\/diodos-sa.gr\/de\/wp-json\/wp\/v2\/comments?post=4786"}],"version-history":[{"count":6,"href":"https:\/\/diodos-sa.gr\/de\/wp-json\/wp\/v2\/pages\/4786\/revisions"}],"predecessor-version":[{"id":15954,"href":"https:\/\/diodos-sa.gr\/de\/wp-json\/wp\/v2\/pages\/4786\/revisions\/15954"}],"wp:attachment":[{"href":"https:\/\/diodos-sa.gr\/de\/wp-json\/wp\/v2\/media?parent=4786"}],"curies":[{"name":"wp","href":"https:\/\/api.w.org\/{rel}","templated":true}]}}