{"id":4851,"date":"2020-06-15T14:58:56","date_gmt":"2020-06-15T11:58:56","guid":{"rendered":"https:\/\/diodos-sa.gr\/?page_id=4851"},"modified":"2020-06-15T14:58:56","modified_gmt":"2020-06-15T11:58:56","slug":"richtlinie-fuer-qualitaet","status":"publish","type":"page","link":"https:\/\/diodos-sa.gr\/de\/unternehmen\/richtlinie-fuer-qualitaet","title":{"rendered":"Richtlinie f\u00fcr Qualit\u00e4t"},"content":{"rendered":"<h3><strong>Dokument <\/strong><strong>\u0395<\/strong><strong> 1.1.2 : Richtlinie f\u00fcr Qualit\u00e4t<\/strong><\/h3>\n<p>Das Management hat die Richtlinie des Unternehmens f\u00fcr die Qualit\u00e4t internationaler Transportdienstleistungen entwickelt, wobei die effektivsten Verfahren ber\u00fccksichtigt wurden, um den Kunden zuverl\u00e4ssige Dienstleistungen zu bieten und effizient und wettbewerbsf\u00e4hig zu bleiben.<\/p>\n<p>Diodos International Forwarders S.A. hat sich durch diese Richtlinie f\u00fcr Qualit\u00e4t dazu verpflichtet:<\/p>\n<ul>\n<li>Danach zu streben, den Kunden Dienstleistungen von h\u00f6chstm\u00f6glicher Qualit\u00e4t zu bieten.<\/li>\n<li>Fracht innerhalb des gew\u00fcnschten Zeitrahmens zu liefern und dabei alle Kundenanforderungen zu erf\u00fcllen.<\/li>\n<li>Jeden Schritt zu unternehmen, um die Vorschriften zur Gesundheit und Sicherheit der Mitarbeiter sowie den Betrieb des Unternehmens im Allgemeinen einzuhalten.<\/li>\n<li>Alle Ressourcen zur Verf\u00fcgung stellen, um die Fracht der Kunden zu sch\u00fctzen.<\/li>\n<li>Informationen \u00fcber geistiges oder kommerzielles Eigentum von Kunden streng vertraulich zu behandeln.<\/li>\n<li>Alle von der Norm ISO 9001:2015 vorgeschriebenen Ma\u00dfnahmen und Richtlinien einzuhalten.<\/li>\n<li>Auf Bedingungen des gegenseitigen Vertrauens und der Zusammenarbeit zwischen Lieferanten, Kunden, Partnern und Subunternehmern hinzuarbeiten.<\/li>\n<li>\u00dcber die neuesten Entwicklungen in der Branche auf dem Laufenden zu bleiben und, wenn m\u00f6glich, aktiv mitzuwirken.<\/li>\n<li>Den Mitarbeitern wirksame Bildungs-, Ausbildungs- und Spezialisierungsm\u00f6glichkeiten anzubieten, um den Marktanforderungen gerecht zu werden.<\/li>\n<li>Ressourcen f\u00fcr die Aufrechterhaltung und Verbesserung der Wirksamkeit des Qualit\u00e4tsmanagementsystems des Unternehmens einzusetzen.<\/li>\n<li>Daten aus Betriebs- und Leistungsergebnissen zu sammeln und zu analysieren, mit dem Ziel, klare und messbare Qualit\u00e4tsziele zu setzen und zu erreichen. Diese Ziele werden regelm\u00e4\u00dfig \u00fcberpr\u00fcft und gemessen.<\/li>\n<li>Die Erwartungen aller beteiligten Parteien nach besten Kr\u00e4ften zu erf\u00fcllen.<\/li>\n<\/ul>\n<p>Das Unternehmen gew\u00e4hrleistet die Umsetzung, Kontrolle und Neuanpassung seiner Richtlinie f\u00fcr Qualit\u00e4t durch das bestehende Qualit\u00e4tsmanagementsystem. Die G\u00fcltigkeit dieses Systems wird durch seine Zertifizierung durch eine unabh\u00e4ngige Zertifizierungsorganisation nach der Norm ISO 9001:2015 erreicht.<\/p>\n<p>Die Umsetzung der Richtlinie f\u00fcr Qualit\u00e4t wird Diodos International Forwarders S.A. durch die aktive Teilnahme jedes Mitarbeiters an der Beobachtung, Entwicklung und effektiven Dokumentation jedes durch dieses System vorgeschriebenen Prozesses erm\u00f6glicht.<\/p>\n<p>Diese Richtlinie wurde ver\u00f6ffentlicht und allen Mitarbeitern mitgeteilt.<\/p>\n<p>&nbsp;<\/p>\n<p>Datum: 1. M\u00e4rz 2018<\/p>\n<p>&nbsp;<\/p>\n<p>F\u00fcr Diodos Internationale Spediteure S.A.<\/p>\n<p>Gesch\u00e4ftsf\u00fchrung<\/p>\n","protected":false},"excerpt":{"rendered":"<p>Dokument \u0395 1.1.2 : Richtlinie f\u00fcr Qualit\u00e4t Das Management hat die Richtlinie des Unternehmens f\u00fcr die Qualit\u00e4t internationaler Transportdienstleistungen entwickelt, wobei die effektivsten Verfahren ber\u00fccksichtigt wurden, um den Kunden zuverl\u00e4ssige Dienstleistungen zu bieten und effizient und wettbewerbsf\u00e4hig zu bleiben. Diodos International Forwarders S.A. hat sich durch diese Richtlinie f\u00fcr Qualit\u00e4t dazu verpflichtet: Danach zu streben, [&hellip;]<\/p>\n","protected":false},"author":1,"featured_media":0,"parent":4760,"menu_order":0,"comment_status":"closed","ping_status":"closed","template":"","meta":{"footnotes":""},"class_list":["post-4851","page","type-page","status-publish","hentry"],"yoast_head":"<!-- This site is optimized with the Yoast SEO plugin v25.2 - https:\/\/yoast.com\/wordpress\/plugins\/seo\/ -->\n<title>Richtlinie f\u00fcr Qualit\u00e4t - \u0394\u03af\u03bf\u03b4\u03bf\u03c2 | \u0394\u03b9\u03b5\u03b8\u03bd\u03b5\u03af\u03c2 \u039c\u03b5\u03c4\u03b1\u03c6\u03bf\u03c1\u03ad\u03c2 \u0391\u0395<\/title>\n<meta name=\"robots\" content=\"index, follow, max-snippet:-1, max-image-preview:large, max-video-preview:-1\" \/>\n<link rel=\"canonical\" href=\"https:\/\/diodos-sa.gr\/de\/unternehmen\/richtlinie-fuer-qualitaet\" \/>\n<meta property=\"og:locale\" content=\"de_DE\" \/>\n<meta property=\"og:type\" content=\"article\" \/>\n<meta property=\"og:title\" content=\"Richtlinie f\u00fcr Qualit\u00e4t - \u0394\u03af\u03bf\u03b4\u03bf\u03c2 | \u0394\u03b9\u03b5\u03b8\u03bd\u03b5\u03af\u03c2 \u039c\u03b5\u03c4\u03b1\u03c6\u03bf\u03c1\u03ad\u03c2 \u0391\u0395\" \/>\n<meta property=\"og:description\" content=\"Dokument \u0395 1.1.2 : Richtlinie f\u00fcr Qualit\u00e4t Das Management hat die Richtlinie des Unternehmens f\u00fcr die Qualit\u00e4t internationaler Transportdienstleistungen entwickelt, wobei die effektivsten Verfahren ber\u00fccksichtigt wurden, um den Kunden zuverl\u00e4ssige Dienstleistungen zu bieten und effizient und wettbewerbsf\u00e4hig zu bleiben. Diodos International Forwarders S.A. hat sich durch diese Richtlinie f\u00fcr Qualit\u00e4t dazu verpflichtet: Danach zu streben, [&hellip;]\" \/>\n<meta property=\"og:url\" content=\"https:\/\/diodos-sa.gr\/de\/unternehmen\/richtlinie-fuer-qualitaet\" \/>\n<meta property=\"og:site_name\" content=\"\u0394\u03af\u03bf\u03b4\u03bf\u03c2 | \u0394\u03b9\u03b5\u03b8\u03bd\u03b5\u03af\u03c2 \u039c\u03b5\u03c4\u03b1\u03c6\u03bf\u03c1\u03ad\u03c2 \u0391\u0395\" \/>\n<meta name=\"twitter:card\" content=\"summary_large_image\" \/>\n<meta name=\"twitter:label1\" content=\"Gesch\u00e4tzte Lesezeit\" \/>\n\t<meta name=\"twitter:data1\" content=\"2\u00a0Minuten\" \/>\n<script type=\"application\/ld+json\" class=\"yoast-schema-graph\">{\"@context\":\"https:\/\/schema.org\",\"@graph\":[{\"@type\":\"WebPage\",\"@id\":\"https:\/\/diodos-sa.gr\/de\/unternehmen\/richtlinie-fuer-qualitaet\",\"url\":\"https:\/\/diodos-sa.gr\/de\/unternehmen\/richtlinie-fuer-qualitaet\",\"name\":\"Richtlinie f\u00fcr Qualit\u00e4t - \u0394\u03af\u03bf\u03b4\u03bf\u03c2 | \u0394\u03b9\u03b5\u03b8\u03bd\u03b5\u03af\u03c2 \u039c\u03b5\u03c4\u03b1\u03c6\u03bf\u03c1\u03ad\u03c2 \u0391\u0395\",\"isPartOf\":{\"@id\":\"https:\/\/diodos-sa.gr\/de#website\"},\"datePublished\":\"2020-06-15T11:58:56+00:00\",\"breadcrumb\":{\"@id\":\"https:\/\/diodos-sa.gr\/de\/unternehmen\/richtlinie-fuer-qualitaet#breadcrumb\"},\"inLanguage\":\"de\",\"potentialAction\":[{\"@type\":\"ReadAction\",\"target\":[\"https:\/\/diodos-sa.gr\/de\/unternehmen\/richtlinie-fuer-qualitaet\"]}]},{\"@type\":\"BreadcrumbList\",\"@id\":\"https:\/\/diodos-sa.gr\/de\/unternehmen\/richtlinie-fuer-qualitaet#breadcrumb\",\"itemListElement\":[{\"@type\":\"ListItem\",\"position\":1,\"name\":\"Home\",\"item\":\"https:\/\/diodos-sa.gr\/de\"},{\"@type\":\"ListItem\",\"position\":2,\"name\":\"Unser Unternehmen\",\"item\":\"https:\/\/diodos-sa.gr\/de\/company\"},{\"@type\":\"ListItem\",\"position\":3,\"name\":\"Richtlinie f\u00fcr Qualit\u00e4t\"}]},{\"@type\":\"WebSite\",\"@id\":\"https:\/\/diodos-sa.gr\/de#website\",\"url\":\"https:\/\/diodos-sa.gr\/de\",\"name\":\"\u0394\u03af\u03bf\u03b4\u03bf\u03c2 | \u0394\u03b9\u03b5\u03b8\u03bd\u03b5\u03af\u03c2 \u039c\u03b5\u03c4\u03b1\u03c6\u03bf\u03c1\u03ad\u03c2 \u0391\u0395\",\"description\":\"\u0394\u03b9\u03b5\u03b8\u03bd\u03b5\u03af\u03c2 \u039c\u03b5\u03c4\u03b1\u03c6\u03bf\u03c1\u03ad\u03c2\",\"publisher\":{\"@id\":\"https:\/\/diodos-sa.gr\/de#organization\"},\"potentialAction\":[{\"@type\":\"SearchAction\",\"target\":{\"@type\":\"EntryPoint\",\"urlTemplate\":\"https:\/\/diodos-sa.gr\/de?s={search_term_string}\"},\"query-input\":{\"@type\":\"PropertyValueSpecification\",\"valueRequired\":true,\"valueName\":\"search_term_string\"}}],\"inLanguage\":\"de\"},{\"@type\":\"Organization\",\"@id\":\"https:\/\/diodos-sa.gr\/de#organization\",\"name\":\"Diodos International Forwarders S.A.\",\"url\":\"https:\/\/diodos-sa.gr\/de\",\"logo\":{\"@type\":\"ImageObject\",\"inLanguage\":\"de\",\"@id\":\"https:\/\/diodos-sa.gr\/de#\/schema\/logo\/image\/\",\"url\":\"https:\/\/diodos-sa.gr\/wp-content\/uploads\/2015\/12\/logo.png\",\"contentUrl\":\"https:\/\/diodos-sa.gr\/wp-content\/uploads\/2015\/12\/logo.png\",\"width\":360,\"height\":78,\"caption\":\"Diodos International Forwarders S.A.\"},\"image\":{\"@id\":\"https:\/\/diodos-sa.gr\/de#\/schema\/logo\/image\/\"}}]}<\/script>\n<!-- \/ Yoast SEO plugin. -->","yoast_head_json":{"title":"Richtlinie f\u00fcr Qualit\u00e4t - \u0394\u03af\u03bf\u03b4\u03bf\u03c2 | \u0394\u03b9\u03b5\u03b8\u03bd\u03b5\u03af\u03c2 \u039c\u03b5\u03c4\u03b1\u03c6\u03bf\u03c1\u03ad\u03c2 \u0391\u0395","robots":{"index":"index","follow":"follow","max-snippet":"max-snippet:-1","max-image-preview":"max-image-preview:large","max-video-preview":"max-video-preview:-1"},"canonical":"https:\/\/diodos-sa.gr\/de\/unternehmen\/richtlinie-fuer-qualitaet","og_locale":"de_DE","og_type":"article","og_title":"Richtlinie f\u00fcr Qualit\u00e4t - \u0394\u03af\u03bf\u03b4\u03bf\u03c2 | \u0394\u03b9\u03b5\u03b8\u03bd\u03b5\u03af\u03c2 \u039c\u03b5\u03c4\u03b1\u03c6\u03bf\u03c1\u03ad\u03c2 \u0391\u0395","og_description":"Dokument \u0395 1.1.2 : Richtlinie f\u00fcr Qualit\u00e4t Das Management hat die Richtlinie des Unternehmens f\u00fcr die Qualit\u00e4t internationaler Transportdienstleistungen entwickelt, wobei die effektivsten Verfahren ber\u00fccksichtigt wurden, um den Kunden zuverl\u00e4ssige Dienstleistungen zu bieten und effizient und wettbewerbsf\u00e4hig zu bleiben. Diodos International Forwarders S.A. hat sich durch diese Richtlinie f\u00fcr Qualit\u00e4t dazu verpflichtet: Danach zu streben, [&hellip;]","og_url":"https:\/\/diodos-sa.gr\/de\/unternehmen\/richtlinie-fuer-qualitaet","og_site_name":"\u0394\u03af\u03bf\u03b4\u03bf\u03c2 | \u0394\u03b9\u03b5\u03b8\u03bd\u03b5\u03af\u03c2 \u039c\u03b5\u03c4\u03b1\u03c6\u03bf\u03c1\u03ad\u03c2 \u0391\u0395","twitter_card":"summary_large_image","twitter_misc":{"Gesch\u00e4tzte Lesezeit":"2\u00a0Minuten"},"schema":{"@context":"https:\/\/schema.org","@graph":[{"@type":"WebPage","@id":"https:\/\/diodos-sa.gr\/de\/unternehmen\/richtlinie-fuer-qualitaet","url":"https:\/\/diodos-sa.gr\/de\/unternehmen\/richtlinie-fuer-qualitaet","name":"Richtlinie f\u00fcr Qualit\u00e4t - \u0394\u03af\u03bf\u03b4\u03bf\u03c2 | \u0394\u03b9\u03b5\u03b8\u03bd\u03b5\u03af\u03c2 \u039c\u03b5\u03c4\u03b1\u03c6\u03bf\u03c1\u03ad\u03c2 \u0391\u0395","isPartOf":{"@id":"https:\/\/diodos-sa.gr\/de#website"},"datePublished":"2020-06-15T11:58:56+00:00","breadcrumb":{"@id":"https:\/\/diodos-sa.gr\/de\/unternehmen\/richtlinie-fuer-qualitaet#breadcrumb"},"inLanguage":"de","potentialAction":[{"@type":"ReadAction","target":["https:\/\/diodos-sa.gr\/de\/unternehmen\/richtlinie-fuer-qualitaet"]}]},{"@type":"BreadcrumbList","@id":"https:\/\/diodos-sa.gr\/de\/unternehmen\/richtlinie-fuer-qualitaet#breadcrumb","itemListElement":[{"@type":"ListItem","position":1,"name":"Home","item":"https:\/\/diodos-sa.gr\/de"},{"@type":"ListItem","position":2,"name":"Unser Unternehmen","item":"https:\/\/diodos-sa.gr\/de\/company"},{"@type":"ListItem","position":3,"name":"Richtlinie f\u00fcr Qualit\u00e4t"}]},{"@type":"WebSite","@id":"https:\/\/diodos-sa.gr\/de#website","url":"https:\/\/diodos-sa.gr\/de","name":"\u0394\u03af\u03bf\u03b4\u03bf\u03c2 | \u0394\u03b9\u03b5\u03b8\u03bd\u03b5\u03af\u03c2 \u039c\u03b5\u03c4\u03b1\u03c6\u03bf\u03c1\u03ad\u03c2 \u0391\u0395","description":"\u0394\u03b9\u03b5\u03b8\u03bd\u03b5\u03af\u03c2 \u039c\u03b5\u03c4\u03b1\u03c6\u03bf\u03c1\u03ad\u03c2","publisher":{"@id":"https:\/\/diodos-sa.gr\/de#organization"},"potentialAction":[{"@type":"SearchAction","target":{"@type":"EntryPoint","urlTemplate":"https:\/\/diodos-sa.gr\/de?s={search_term_string}"},"query-input":{"@type":"PropertyValueSpecification","valueRequired":true,"valueName":"search_term_string"}}],"inLanguage":"de"},{"@type":"Organization","@id":"https:\/\/diodos-sa.gr\/de#organization","name":"Diodos International Forwarders S.A.","url":"https:\/\/diodos-sa.gr\/de","logo":{"@type":"ImageObject","inLanguage":"de","@id":"https:\/\/diodos-sa.gr\/de#\/schema\/logo\/image\/","url":"https:\/\/diodos-sa.gr\/wp-content\/uploads\/2015\/12\/logo.png","contentUrl":"https:\/\/diodos-sa.gr\/wp-content\/uploads\/2015\/12\/logo.png","width":360,"height":78,"caption":"Diodos International Forwarders S.A."},"image":{"@id":"https:\/\/diodos-sa.gr\/de#\/schema\/logo\/image\/"}}]}},"_links":{"self":[{"href":"https:\/\/diodos-sa.gr\/de\/wp-json\/wp\/v2\/pages\/4851","targetHints":{"allow":["GET"]}}],"collection":[{"href":"https:\/\/diodos-sa.gr\/de\/wp-json\/wp\/v2\/pages"}],"about":[{"href":"https:\/\/diodos-sa.gr\/de\/wp-json\/wp\/v2\/types\/page"}],"author":[{"embeddable":true,"href":"https:\/\/diodos-sa.gr\/de\/wp-json\/wp\/v2\/users\/1"}],"replies":[{"embeddable":true,"href":"https:\/\/diodos-sa.gr\/de\/wp-json\/wp\/v2\/comments?post=4851"}],"version-history":[{"count":1,"href":"https:\/\/diodos-sa.gr\/de\/wp-json\/wp\/v2\/pages\/4851\/revisions"}],"predecessor-version":[{"id":4852,"href":"https:\/\/diodos-sa.gr\/de\/wp-json\/wp\/v2\/pages\/4851\/revisions\/4852"}],"up":[{"embeddable":true,"href":"https:\/\/diodos-sa.gr\/de\/wp-json\/wp\/v2\/pages\/4760"}],"wp:attachment":[{"href":"https:\/\/diodos-sa.gr\/de\/wp-json\/wp\/v2\/media?parent=4851"}],"curies":[{"name":"wp","href":"https:\/\/api.w.org\/{rel}","templated":true}]}}